{"id":293,"date":"2023-03-02T11:21:24","date_gmt":"2023-03-02T10:21:24","guid":{"rendered":"https:\/\/www.delta-historic.com\/?page_id=293"},"modified":"2024-10-07T15:52:54","modified_gmt":"2024-10-07T13:52:54","slug":"impressum","status":"publish","type":"page","link":"https:\/\/www.delta-historic.com\/de\/impressum\/","title":{"rendered":"Impressum"},"content":{"rendered":"\t\t<div data-elementor-type=\"wp-page\" data-elementor-id=\"293\" class=\"elementor elementor-293 elementor-1972\">\n\t\t\t\t\t\t<section class=\"elementor-section elementor-top-section elementor-element elementor-element-33d123e elementor-section-boxed elementor-section-height-default elementor-section-height-default\" data-id=\"33d123e\" data-element_type=\"section\">\n\t\t\t\t\t\t<div class=\"elementor-container elementor-column-gap-default\">\n\t\t\t\t\t<div class=\"elementor-column elementor-col-100 elementor-top-column elementor-element elementor-element-7386b11\" data-id=\"7386b11\" data-element_type=\"column\">\n\t\t\t<div class=\"elementor-widget-wrap elementor-element-populated\">\n\t\t\t\t\t\t<div class=\"elementor-element elementor-element-aea4238 elementor-widget elementor-widget-fullwidth-image\" data-id=\"aea4238\" data-element_type=\"widget\" data-widget_type=\"fullwidth-image.default\">\n\t\t\t\t<div class=\"elementor-widget-container\">\n\t\t\t\t\t<div class=\"nosun-widget nosun-fullwidth-image w100 height-small\"><div class=\"fullwidth-image-wrapper w100 fadeIn\"><img decoding=\"async\" src=\"https:\/\/www.delta-historic.com\/wp-content\/uploads\/2023\/02\/di-banner.jpg\" alt=\"\" class=\"fullwidth-image\" style=\"object-position:center center;\"><\/div><\/div>\t\t\t\t<\/div>\n\t\t\t\t<\/div>\n\t\t\t\t<section class=\"elementor-section elementor-inner-section elementor-element elementor-element-b42ba4c elementor-section-boxed elementor-section-height-default elementor-section-height-default\" data-id=\"b42ba4c\" data-element_type=\"section\">\n\t\t\t\t\t\t<div class=\"elementor-container elementor-column-gap-default\">\n\t\t\t\t\t<div class=\"elementor-column elementor-col-100 elementor-inner-column elementor-element elementor-element-b7347a3\" data-id=\"b7347a3\" data-element_type=\"column\">\n\t\t\t<div class=\"elementor-widget-wrap elementor-element-populated\">\n\t\t\t\t\t\t<div class=\"elementor-element elementor-element-482592c elementor-widget elementor-widget-abstand\" data-id=\"482592c\" data-element_type=\"widget\" data-widget_type=\"abstand.default\">\n\t\t\t\t<div class=\"elementor-widget-container\">\n\t\t\t\t\t<div class=\"nosun-widget nosun-abstand abstand-size-m\"><\/div>\t\t\t\t<\/div>\n\t\t\t\t<\/div>\n\t\t\t\t<div class=\"elementor-element elementor-element-c177a42 elementor-widget elementor-widget-heading\" data-id=\"c177a42\" data-element_type=\"widget\" data-widget_type=\"heading.default\">\n\t\t\t\t<div class=\"elementor-widget-container\">\n\t\t\t\t\t<h1 class=\"elementor-heading-title elementor-size-default\">Impressum<\/h1>\t\t\t\t<\/div>\n\t\t\t\t<\/div>\n\t\t\t\t<div class=\"elementor-element elementor-element-36ec16e elementor-widget elementor-widget-abstand\" data-id=\"36ec16e\" data-element_type=\"widget\" data-widget_type=\"abstand.default\">\n\t\t\t\t<div class=\"elementor-widget-container\">\n\t\t\t\t\t<div class=\"nosun-widget nosun-abstand abstand-size-m\"><\/div>\t\t\t\t<\/div>\n\t\t\t\t<\/div>\n\t\t\t\t<div class=\"elementor-element elementor-element-39a6acc elementor-widget elementor-widget-text-editor\" data-id=\"39a6acc\" data-element_type=\"widget\" data-widget_type=\"text-editor.default\">\n\t\t\t\t<div class=\"elementor-widget-container\">\n\t\t\t\t\t\t\t\t\t<p>Informationspflicht laut \u00a75 E-Commerce Gesetz, \u00a714 Unternehmensgesetzbuch, \u00a763 Gewerbeordnung und Offenlegungspflicht laut \u00a725 Mediengesetz.<\/p>\n<p><span style=\"background-color: var(--c-white); font-size: 18.7px;\">Karlhofer \u2013 Delta Historic GmbH<br><\/span>Dr. Niederdorferstra\u00dfe 24<br>8572 B\u00e4rnbach, Austria<\/p>\n<p><strong>Telefon:<\/strong> +43 (0) 3142 63242<br><strong>E-Mail:<\/strong> <a href=\"mailto:info@delta-historic.com\">info@delta-historic.com<\/a><br><b>UID:<\/b> ATU81150718<\/p>\n<p><strong>Mitglied bei:<\/strong> WKO, Steiermark<br><strong>Berufsrecht:<\/strong> Gewerbeordnung: www.ris.bka.gv.at<\/p>\n<h2>EU-Streitschlichtung<\/h2>\n<p>Gem\u00e4\u00df Verordnung \u00fcber Online-Streitbeilegung in Verbraucherangelegenheiten (ODR-Verordnung) m\u00f6chten wir Sie \u00fcber die Online-Streitbeilegungsplattform (OS-Plattform) informieren.<br>Verbraucher haben die M\u00f6glichkeit, Beschwerden an die Online Streitbeilegungsplattform der Europ\u00e4ischen Kommission unter <a href=\"https:\/\/ec.europa.eu\/consumers\/odr\/main\/index.cfm?event=main.home2.show&amp;lng=DE\" target=\"_blank\" rel=\"noopener\">http:\/\/ec.europa.eu\/odr?tid=121764122<\/a> zu richten. Die daf\u00fcr notwendigen Kontaktdaten finden Sie oberhalb in unserem Impressum.<\/p>\n<p>Wir m\u00f6chten Sie jedoch darauf hinweisen, dass wir nicht bereit oder verpflichtet sind, an Streitbeilegungsverfahren vor einer Verbraucherschlichtungsstelle teilzunehmen.<\/p>\n<h2>Haftung f\u00fcr Inhalte dieser Website<\/h2>\n<p>Wir entwickeln die Inhalte dieser Webseite st\u00e4ndig weiter und bem\u00fchen uns korrekte und aktuelle Informationen bereitzustellen. &nbsp;Leider k\u00f6nnen wir keine Haftung f\u00fcr die Korrektheit aller Inhalte auf dieser Website \u00fcbernehmen, speziell f\u00fcr jene, die seitens Dritter bereitgestellt wurden. Als Diensteanbieter sind wir nicht verpflichtet, die von ihnen \u00fcbermittelten oder gespeicherten Informationen zu \u00fcberwachen oder nach Umst\u00e4nden zu forschen, die auf eine rechtswidrige T\u00e4tigkeit hinweisen.<\/p>\n<p>Unsere Verpflichtungen zur Entfernung von Informationen oder zur Sperrung der Nutzung von Informationen nach den allgemeinen Gesetzen aufgrund von gerichtlichen oder beh\u00f6rdlichen Anordnungen bleiben auch im Falle unserer Nichtverantwortlichkeit davon unber\u00fchrt.<\/p>\n<p>Sollten Ihnen problematische oder rechtswidrige Inhalte auffallen, bitte wir Sie uns umgehend zu kontaktieren, damit wir die rechtswidrigen Inhalte entfernen k\u00f6nnen. Sie finden die Kontaktdaten im Impressum.<\/p>\n<h2>Haftung f\u00fcr Links auf dieser Webseite<\/h2>\n<p>Unsere Webseite enth\u00e4lt Links zu anderen Webseiten f\u00fcr deren Inhalt wir nicht verantwortlich sind. Haftung f\u00fcr verlinkte Websites besteht f\u00fcr uns nicht, da wir keine Kenntnis rechtswidriger T\u00e4tigkeiten hatten und haben, uns solche Rechtswidrigkeiten auch bisher nicht aufgefallen sind und wir Links sofort entfernen w\u00fcrden, wenn uns Rechtswidrigkeiten bekannt werden.<\/p>\n<p>Wenn Ihnen rechtswidrige Links auf unserer Website auffallen, bitte wir Sie uns zu kontaktieren. Sie finden die Kontaktdaten im Impressum.<\/p>\n<h2>Urheberrechtshinweis<\/h2>\n<p>Alle Inhalte dieser Webseite (Bilder, Fotos, Texte, Videos) unterliegen dem Urheberrecht. Bitte fragen Sie uns bevor Sie die Inhalte dieser Website verbreiten, vervielf\u00e4ltigen oder verwerten wie zum Beispiel auf anderen Websites erneut ver\u00f6ffentlichen. Falls notwendig, werden wir die unerlaubte Nutzung von Teilen der Inhalte unserer Seite rechtlich verfolgen.<\/p>\n<p>Sollten Sie auf dieser Webseite Inhalte finden, die das Urheberrecht verletzen, bitten wir Sie uns zu kontaktieren.<\/p>\n<h2>Bildernachweis<\/h2>\n<p>Die Bilder, Fotos und Grafiken auf dieser Webseite sind urheberrechtlich gesch\u00fctzt.<\/p>\n<p>Die Bilderrechte liegen bei den folgenden Fotografen und Unternehmen:<\/p>\n<ul>\n<li>Karlhofer OG \u2013 Delta Historic<\/li>\n<li><a href=\"https:\/\/www.rusk.at\">Rusk<\/a><\/li>\n<li>Helmut Deimel \/ DeimelFilm<\/li>\n<li>Lukas Binias<\/li>\n<\/ul>\n<p>Alle Texte sind urheberrechtlich gesch\u00fctzt.<\/p>\n<p>Quelle: Erstellt mit dem&nbsp;<a title=\"Impressum Generator von AdSimple\" href=\"https:\/\/www.adsimple.at\/impressum-generator\/\">Impressum Generator<\/a>&nbsp;von AdSimple<\/p>\t\t\t\t\t\t\t\t<\/div>\n\t\t\t\t<\/div>\n\t\t\t\t<div class=\"elementor-element elementor-element-0332c31 elementor-widget elementor-widget-abstand\" data-id=\"0332c31\" data-element_type=\"widget\" data-widget_type=\"abstand.default\">\n\t\t\t\t<div class=\"elementor-widget-container\">\n\t\t\t\t\t<div class=\"nosun-widget nosun-abstand abstand-size-m\"><\/div>\t\t\t\t<\/div>\n\t\t\t\t<\/div>\n\t\t\t\t\t<\/div>\n\t\t<\/div>\n\t\t\t\t\t<\/div>\n\t\t<\/section>\n\t\t\t\t\t<\/div>\n\t\t<\/div>\n\t\t\t\t\t<\/div>\n\t\t<\/section>\n\t\t\t\t<\/div>\n\t\t","protected":false},"excerpt":{"rendered":"<p>Impressum Informationspflicht laut \u00a75 E-Commerce Gesetz, \u00a714 Unternehmensgesetzbuch, \u00a763 Gewerbeordnung und Offenlegungspflicht laut \u00a725 Mediengesetz. Karlhofer \u2013 Delta Historic GmbHDr. Niederdorferstra\u00dfe 248572 B\u00e4rnbach, Austria Telefon: +43 (0) 3142 63242E-Mail: info@delta-historic.comUID: ATU81150718 Mitglied bei: WKO, SteiermarkBerufsrecht: Gewerbeordnung: www.ris.bka.gv.at EU-Streitschlichtung Gem\u00e4\u00df Verordnung \u00fcber Online-Streitbeilegung in Verbraucherangelegenheiten (ODR-Verordnung) m\u00f6chten wir Sie \u00fcber die Online-Streitbeilegungsplattform (OS-Plattform) informieren.Verbraucher haben die <a href=\"https:\/\/www.delta-historic.com\/de\/impressum\/\" class=\"more-link\">&#8230;<span class=\"screen-reader-text\">weiterlesen  Impressum<\/span><\/a><\/p>\n","protected":false},"author":3,"featured_media":0,"parent":0,"menu_order":0,"comment_status":"closed","ping_status":"closed","template":"","meta":{"_acf_changed":false,"_sitemap_exclude":false,"_sitemap_priority":"","_sitemap_frequency":"","iawp_total_views":62,"footnotes":""},"class_list":["post-293","page","type-page","status-publish","hentry"],"acf":[],"yoast_head":"<!-- This site is optimized with the Yoast SEO plugin v27.2 - https:\/\/yoast.com\/product\/yoast-seo-wordpress\/ -->\n<title>Impressum - Karlhofer \u2013 Delta Historic GmbH<\/title>\n<meta name=\"robots\" content=\"noindex, nofollow\" \/>\n<meta property=\"og:locale\" content=\"de_DE\" \/>\n<meta property=\"og:type\" content=\"article\" \/>\n<meta property=\"og:title\" content=\"Impressum - Karlhofer \u2013 Delta Historic GmbH\" \/>\n<meta property=\"og:description\" content=\"Impressum Informationspflicht laut \u00a75 E-Commerce Gesetz, \u00a714 Unternehmensgesetzbuch, \u00a763 Gewerbeordnung und Offenlegungspflicht laut \u00a725 Mediengesetz. Karlhofer \u2013 Delta Historic GmbHDr. Niederdorferstra\u00dfe 248572 B\u00e4rnbach, Austria Telefon: +43 (0) 3142 63242E-Mail: info@delta-historic.comUID: ATU81150718 Mitglied bei: WKO, SteiermarkBerufsrecht: Gewerbeordnung: www.ris.bka.gv.at EU-Streitschlichtung Gem\u00e4\u00df Verordnung \u00fcber Online-Streitbeilegung in Verbraucherangelegenheiten (ODR-Verordnung) m\u00f6chten wir Sie \u00fcber die Online-Streitbeilegungsplattform (OS-Plattform) informieren.Verbraucher haben die ...weiterlesen Impressum\" \/>\n<meta property=\"og:url\" content=\"https:\/\/www.delta-historic.com\/de\/impressum\/\" \/>\n<meta property=\"og:site_name\" content=\"Karlhofer \u2013 Delta Historic GmbH\" \/>\n<meta property=\"article:publisher\" content=\"https:\/\/www.facebook.com\/KarlhoferDeltaHistoric\" \/>\n<meta property=\"article:modified_time\" content=\"2024-10-07T13:52:54+00:00\" \/>\n<meta property=\"og:image\" content=\"https:\/\/www.delta-historic.com\/wp-content\/uploads\/2023\/02\/di-banner.jpg\" \/>\n<meta name=\"twitter:card\" content=\"summary_large_image\" \/>\n<meta name=\"twitter:label1\" content=\"Gesch\u00e4tzte Lesezeit\" \/>\n\t<meta name=\"twitter:data1\" content=\"3\u00a0Minuten\" \/>\n<script type=\"application\/ld+json\" class=\"yoast-schema-graph\">{\"@context\":\"https:\/\/schema.org\",\"@graph\":[{\"@type\":\"WebPage\",\"@id\":\"https:\/\/www.delta-historic.com\/de\/impressum\/\",\"url\":\"https:\/\/www.delta-historic.com\/de\/impressum\/\",\"name\":\"Impressum - Karlhofer \u2013 Delta Historic GmbH\",\"isPartOf\":{\"@id\":\"https:\/\/www.delta-historic.com\/de\/#website\"},\"primaryImageOfPage\":{\"@id\":\"https:\/\/www.delta-historic.com\/de\/impressum\/#primaryimage\"},\"image\":{\"@id\":\"https:\/\/www.delta-historic.com\/de\/impressum\/#primaryimage\"},\"thumbnailUrl\":\"https:\/\/www.delta-historic.com\/wp-content\/uploads\/2023\/02\/di-banner.jpg\",\"datePublished\":\"2023-03-02T10:21:24+00:00\",\"dateModified\":\"2024-10-07T13:52:54+00:00\",\"breadcrumb\":{\"@id\":\"https:\/\/www.delta-historic.com\/de\/impressum\/#breadcrumb\"},\"inLanguage\":\"de\",\"potentialAction\":[{\"@type\":\"ReadAction\",\"target\":[\"https:\/\/www.delta-historic.com\/de\/impressum\/\"]}]},{\"@type\":\"ImageObject\",\"inLanguage\":\"de\",\"@id\":\"https:\/\/www.delta-historic.com\/de\/impressum\/#primaryimage\",\"url\":\"https:\/\/www.delta-historic.com\/wp-content\/uploads\/2023\/02\/di-banner.jpg\",\"contentUrl\":\"https:\/\/www.delta-historic.com\/wp-content\/uploads\/2023\/02\/di-banner.jpg\"},{\"@type\":\"BreadcrumbList\",\"@id\":\"https:\/\/www.delta-historic.com\/de\/impressum\/#breadcrumb\",\"itemListElement\":[{\"@type\":\"ListItem\",\"position\":1,\"name\":\"Startseite\",\"item\":\"https:\/\/www.delta-historic.com\/de\/\"},{\"@type\":\"ListItem\",\"position\":2,\"name\":\"Impressum\"}]},{\"@type\":\"WebSite\",\"@id\":\"https:\/\/www.delta-historic.com\/de\/#website\",\"url\":\"https:\/\/www.delta-historic.com\/de\/\",\"name\":\"Karlhofer \u2013 Delta Historic GmbH\",\"description\":\"\",\"publisher\":{\"@id\":\"https:\/\/www.delta-historic.com\/de\/#organization\"},\"potentialAction\":[{\"@type\":\"SearchAction\",\"target\":{\"@type\":\"EntryPoint\",\"urlTemplate\":\"https:\/\/www.delta-historic.com\/de\/?s={search_term_string}\"},\"query-input\":{\"@type\":\"PropertyValueSpecification\",\"valueRequired\":true,\"valueName\":\"search_term_string\"}}],\"inLanguage\":\"de\"},{\"@type\":\"Organization\",\"@id\":\"https:\/\/www.delta-historic.com\/de\/#organization\",\"name\":\"Karlhofer \u2013 Delta Historic GmbH\",\"url\":\"https:\/\/www.delta-historic.com\/de\/\",\"logo\":{\"@type\":\"ImageObject\",\"inLanguage\":\"de\",\"@id\":\"https:\/\/www.delta-historic.com\/de\/#\/schema\/logo\/image\/\",\"url\":\"https:\/\/www.delta-historic.com\/wp-content\/uploads\/2022\/12\/logo.svg\",\"contentUrl\":\"https:\/\/www.delta-historic.com\/wp-content\/uploads\/2022\/12\/logo.svg\",\"width\":369,\"height\":141,\"caption\":\"Karlhofer \u2013 Delta Historic GmbH\"},\"image\":{\"@id\":\"https:\/\/www.delta-historic.com\/de\/#\/schema\/logo\/image\/\"},\"sameAs\":[\"https:\/\/www.facebook.com\/KarlhoferDeltaHistoric\",\"https:\/\/www.instagram.com\/delta_historic\/\",\"https:\/\/www.youtube.com\/@karlhofer-deltaintegrale1540\"]}]}<\/script>\n<!-- \/ Yoast SEO plugin. -->","yoast_head_json":{"title":"Impressum - Karlhofer \u2013 Delta Historic GmbH","robots":{"index":"noindex","follow":"nofollow"},"og_locale":"de_DE","og_type":"article","og_title":"Impressum - Karlhofer \u2013 Delta Historic GmbH","og_description":"Impressum Informationspflicht laut \u00a75 E-Commerce Gesetz, \u00a714 Unternehmensgesetzbuch, \u00a763 Gewerbeordnung und Offenlegungspflicht laut \u00a725 Mediengesetz. Karlhofer \u2013 Delta Historic GmbHDr. Niederdorferstra\u00dfe 248572 B\u00e4rnbach, Austria Telefon: +43 (0) 3142 63242E-Mail: info@delta-historic.comUID: ATU81150718 Mitglied bei: WKO, SteiermarkBerufsrecht: Gewerbeordnung: www.ris.bka.gv.at EU-Streitschlichtung Gem\u00e4\u00df Verordnung \u00fcber Online-Streitbeilegung in Verbraucherangelegenheiten (ODR-Verordnung) m\u00f6chten wir Sie \u00fcber die Online-Streitbeilegungsplattform (OS-Plattform) informieren.Verbraucher haben die ...weiterlesen Impressum","og_url":"https:\/\/www.delta-historic.com\/de\/impressum\/","og_site_name":"Karlhofer \u2013 Delta Historic GmbH","article_publisher":"https:\/\/www.facebook.com\/KarlhoferDeltaHistoric","article_modified_time":"2024-10-07T13:52:54+00:00","og_image":[{"url":"https:\/\/www.delta-historic.com\/wp-content\/uploads\/2023\/02\/di-banner.jpg","type":"","width":"","height":""}],"twitter_card":"summary_large_image","twitter_misc":{"Gesch\u00e4tzte Lesezeit":"3\u00a0Minuten"},"schema":{"@context":"https:\/\/schema.org","@graph":[{"@type":"WebPage","@id":"https:\/\/www.delta-historic.com\/de\/impressum\/","url":"https:\/\/www.delta-historic.com\/de\/impressum\/","name":"Impressum - Karlhofer \u2013 Delta Historic GmbH","isPartOf":{"@id":"https:\/\/www.delta-historic.com\/de\/#website"},"primaryImageOfPage":{"@id":"https:\/\/www.delta-historic.com\/de\/impressum\/#primaryimage"},"image":{"@id":"https:\/\/www.delta-historic.com\/de\/impressum\/#primaryimage"},"thumbnailUrl":"https:\/\/www.delta-historic.com\/wp-content\/uploads\/2023\/02\/di-banner.jpg","datePublished":"2023-03-02T10:21:24+00:00","dateModified":"2024-10-07T13:52:54+00:00","breadcrumb":{"@id":"https:\/\/www.delta-historic.com\/de\/impressum\/#breadcrumb"},"inLanguage":"de","potentialAction":[{"@type":"ReadAction","target":["https:\/\/www.delta-historic.com\/de\/impressum\/"]}]},{"@type":"ImageObject","inLanguage":"de","@id":"https:\/\/www.delta-historic.com\/de\/impressum\/#primaryimage","url":"https:\/\/www.delta-historic.com\/wp-content\/uploads\/2023\/02\/di-banner.jpg","contentUrl":"https:\/\/www.delta-historic.com\/wp-content\/uploads\/2023\/02\/di-banner.jpg"},{"@type":"BreadcrumbList","@id":"https:\/\/www.delta-historic.com\/de\/impressum\/#breadcrumb","itemListElement":[{"@type":"ListItem","position":1,"name":"Startseite","item":"https:\/\/www.delta-historic.com\/de\/"},{"@type":"ListItem","position":2,"name":"Impressum"}]},{"@type":"WebSite","@id":"https:\/\/www.delta-historic.com\/de\/#website","url":"https:\/\/www.delta-historic.com\/de\/","name":"Karlhofer \u2013 Delta Historic GmbH","description":"","publisher":{"@id":"https:\/\/www.delta-historic.com\/de\/#organization"},"potentialAction":[{"@type":"SearchAction","target":{"@type":"EntryPoint","urlTemplate":"https:\/\/www.delta-historic.com\/de\/?s={search_term_string}"},"query-input":{"@type":"PropertyValueSpecification","valueRequired":true,"valueName":"search_term_string"}}],"inLanguage":"de"},{"@type":"Organization","@id":"https:\/\/www.delta-historic.com\/de\/#organization","name":"Karlhofer \u2013 Delta Historic GmbH","url":"https:\/\/www.delta-historic.com\/de\/","logo":{"@type":"ImageObject","inLanguage":"de","@id":"https:\/\/www.delta-historic.com\/de\/#\/schema\/logo\/image\/","url":"https:\/\/www.delta-historic.com\/wp-content\/uploads\/2022\/12\/logo.svg","contentUrl":"https:\/\/www.delta-historic.com\/wp-content\/uploads\/2022\/12\/logo.svg","width":369,"height":141,"caption":"Karlhofer \u2013 Delta Historic GmbH"},"image":{"@id":"https:\/\/www.delta-historic.com\/de\/#\/schema\/logo\/image\/"},"sameAs":["https:\/\/www.facebook.com\/KarlhoferDeltaHistoric","https:\/\/www.instagram.com\/delta_historic\/","https:\/\/www.youtube.com\/@karlhofer-deltaintegrale1540"]}]}},"_links":{"self":[{"href":"https:\/\/www.delta-historic.com\/de\/wp-json\/wp\/v2\/pages\/293","targetHints":{"allow":["GET"]}}],"collection":[{"href":"https:\/\/www.delta-historic.com\/de\/wp-json\/wp\/v2\/pages"}],"about":[{"href":"https:\/\/www.delta-historic.com\/de\/wp-json\/wp\/v2\/types\/page"}],"author":[{"embeddable":true,"href":"https:\/\/www.delta-historic.com\/de\/wp-json\/wp\/v2\/users\/3"}],"replies":[{"embeddable":true,"href":"https:\/\/www.delta-historic.com\/de\/wp-json\/wp\/v2\/comments?post=293"}],"version-history":[{"count":40,"href":"https:\/\/www.delta-historic.com\/de\/wp-json\/wp\/v2\/pages\/293\/revisions"}],"predecessor-version":[{"id":4634,"href":"https:\/\/www.delta-historic.com\/de\/wp-json\/wp\/v2\/pages\/293\/revisions\/4634"}],"wp:attachment":[{"href":"https:\/\/www.delta-historic.com\/de\/wp-json\/wp\/v2\/media?parent=293"}],"curies":[{"name":"wp","href":"https:\/\/api.w.org\/{rel}","templated":true}]}}