{"id":747,"date":"2023-03-06T15:08:20","date_gmt":"2023-03-06T14:08:20","guid":{"rendered":"https:\/\/www.delta-historic.com\/?page_id=747"},"modified":"2023-03-11T00:09:42","modified_gmt":"2023-03-10T23:09:42","slug":"geschichte","status":"publish","type":"page","link":"https:\/\/www.delta-historic.com\/de\/geschichte\/","title":{"rendered":"Geschichte"},"content":{"rendered":"\t\t<div data-elementor-type=\"wp-page\" data-elementor-id=\"747\" class=\"elementor elementor-747 elementor-2263\">\n\t\t\t\t\t\t<section class=\"elementor-section elementor-top-section elementor-element elementor-element-6b11ecd elementor-section-boxed elementor-section-height-default elementor-section-height-default\" data-id=\"6b11ecd\" data-element_type=\"section\">\n\t\t\t\t\t\t<div class=\"elementor-container elementor-column-gap-default\">\n\t\t\t\t\t<div class=\"elementor-column elementor-col-100 elementor-top-column elementor-element elementor-element-1082a30\" data-id=\"1082a30\" data-element_type=\"column\">\n\t\t\t<div class=\"elementor-widget-wrap elementor-element-populated\">\n\t\t\t\t\t\t<div class=\"elementor-element elementor-element-a5a15ba elementor-widget elementor-widget-abstand\" data-id=\"a5a15ba\" data-element_type=\"widget\" data-widget_type=\"abstand.default\">\n\t\t\t\t<div class=\"elementor-widget-container\">\n\t\t\t\t\t<div class=\"nosun-widget nosun-abstand abstand-size-m\"><\/div>\t\t\t\t<\/div>\n\t\t\t\t<\/div>\n\t\t\t\t<div class=\"elementor-element elementor-element-007f78f elementor-widget elementor-widget-bild-text\" data-id=\"007f78f\" data-element_type=\"widget\" data-widget_type=\"bild-text.default\">\n\t\t\t\t<div class=\"elementor-widget-container\">\n\t\t\t\t\t<a href=\"#HF\" class=\"quicknav-link\"><svg xmlns=\"http:\/\/www.w3.org\/2000\/svg\" width=\"20\" height=\"20\" viewBox=\"0 0 20 20\"><g transform=\"translate(-80 -2140.5)\">\n\t\t\t<g transform=\"translate(80 2140.5)\" fill=\"none\" stroke=\"#e7332b\" stroke-width=\"1\"><circle class=\"qn-c1\" cx=\"10\" cy=\"10\" r=\"10\" stroke=\"none\"\/><circle class=\"qn-c2\" cx=\"10\" cy=\"10\" r=\"9.5\" fill=\"none\"\/><\/g><circle class=\"qn-c3\" cx=\"2.5\" cy=\"2.5\" r=\"2.5\" transform=\"translate(87.5 2148)\" fill=\"#e7332b\"\/><\/g><\/svg><span>HF<\/span><\/a><div class=\"quicknav-trigger nosun-widget nosun-bild-text img-fullwidth height-large bg-c-white textpos-left\" id=\"HF\"><div class=\"container\"><div class=\"grid v-center\"><div class=\"column five bt-text-col\"><span  class=\"uppertitle h11 animate\">HF<\/span><h2  class=\"bt-headline animate\">Symbol der Sportlichkeit<\/h2><div  class=\"wysiwyg animate\"><p>HF- das erinnert an Lancia Rallye Sieger, die bereits Mythos geworden sind. Es ist die Abk\u00fcrzung f\u00fcr High Fidelity und wurde seit der Gr\u00fcndung im Jahre 1960 f\u00fcr den Lancia Hi.Fi.-Club verwendet, dessen Mitglieder besonders treue Lancia Kunden sind.<\/p><p>Noch \u00e4lter ist der kleine galoppierende Elefant. Das Symbol wurde f\u00fcr die ersten sportlichen Aktivit\u00e4ten - zu Beginn der 50 Jahre- als Gl\u00fccksbringer von Gianni Lancia, damaliger Gesch\u00e4ftsf\u00fchrer des Unternehmens, ausgew\u00e4hlt.<\/p><p>Das Zeichen stammt aus der orientalischen- indischen Mythologie, wo es als Erfolgssymbol und Gl\u00fccksbringer bekannt ist. Urspr\u00fcnglich wurde der Elefant in Blau dargestellt, erst sp\u00e4ter wurde dieser in dem satten Rot verwendet.<\/p><p>HF und Elefant sind folglich die beiden Symbole, die die Geschichte, Entwicklung, und Erfolge aller sportlichen Lancia begleitet haben.<\/p><\/div><\/div><div class=\"column seven bt-image-col\"><div class=\"bt-image-wrapper fadeIn\"><img decoding=\"async\" src=\"https:\/\/www.delta-historic.com\/wp-content\/uploads\/2023\/02\/hf-symbold-der-sportlichkeit.jpg\" title=\"hf-symbold-der-sportlichkeit\" alt=\"hf-symbold-der-sportlichkeit\" loading=\"lazy\" \/><\/div><\/div><\/div><\/div><\/div>\t\t\t\t<\/div>\n\t\t\t\t<\/div>\n\t\t\t\t<div class=\"elementor-element elementor-element-ca3fdc2 elementor-widget elementor-widget-bild-text\" data-id=\"ca3fdc2\" data-element_type=\"widget\" data-widget_type=\"bild-text.default\">\n\t\t\t\t<div class=\"elementor-widget-container\">\n\t\t\t\t\t<a href=\"#Motorsport\" class=\"quicknav-link\"><svg xmlns=\"http:\/\/www.w3.org\/2000\/svg\" width=\"20\" height=\"20\" viewBox=\"0 0 20 20\"><g transform=\"translate(-80 -2140.5)\">\n\t\t\t<g transform=\"translate(80 2140.5)\" fill=\"none\" stroke=\"#e7332b\" stroke-width=\"1\"><circle class=\"qn-c1\" cx=\"10\" cy=\"10\" r=\"10\" stroke=\"none\"\/><circle class=\"qn-c2\" cx=\"10\" cy=\"10\" r=\"9.5\" fill=\"none\"\/><\/g><circle class=\"qn-c3\" cx=\"2.5\" cy=\"2.5\" r=\"2.5\" transform=\"translate(87.5 2148)\" fill=\"#e7332b\"\/><\/g><\/svg><span>Motorsport<\/span><\/a><div class=\"quicknav-trigger nosun-widget nosun-bild-text img-fullwidth height-large bg-c-white textpos-right\" id=\"Motorsport\"><div class=\"container\"><div class=\"grid v-center\"><div class=\"column seven bt-image-col\"><div class=\"bt-image-wrapper fadeIn\"><img decoding=\"async\" src=\"https:\/\/www.delta-historic.com\/wp-content\/uploads\/2023\/02\/delta-historic-erfolge-ueberlegenheit-im-rallysport-e1678093911245.jpg\" title=\"delta-historic-erfolge-ueberlegenheit-im-rallysport\" alt=\"delta-historic-erfolge-ueberlegenheit-im-rallysport\" loading=\"lazy\" \/><\/div><\/div><div class=\"column five bt-text-col\"><span  class=\"uppertitle h11 animate\">Motorsport<\/span><h2  class=\"bt-headline animate\">Rennsport im Zeichen <br \/>\ndes Erfolges<\/h2><div  class=\"wysiwyg animate\"><p>Rennsport Aktivit\u00e4ten waren von Anfang an Wegbegleiter der Nobelmarke Lancia. Neben den zahlreichen Erfolgen mit den legend\u00e4ren Modellen wie Stratos, 037 oder auch Delta S4 ist der Lancia Delta das bis heute erfolgreichste Model.<\/p>\n<p>\u201eEs geht um Bereiche, die der normale Autofahrer nie erfahren wird. Weder emotional noch physikalisch. Es geht um eine Maschine, die damals nur zu einem Zweck gebaut wurde: um zu siegen.\u201c<\/p><\/div><\/div><\/div><\/div><\/div>\t\t\t\t<\/div>\n\t\t\t\t<\/div>\n\t\t\t\t\t<\/div>\n\t\t<\/div>\n\t\t\t\t\t<\/div>\n\t\t<\/section>\n\t\t\t\t<section class=\"elementor-section elementor-top-section elementor-element elementor-element-e138190 elementor-section-boxed elementor-section-height-default elementor-section-height-default\" data-id=\"e138190\" data-element_type=\"section\">\n\t\t\t\t\t\t<div class=\"elementor-container elementor-column-gap-default\">\n\t\t\t\t\t<div class=\"elementor-column elementor-col-100 elementor-top-column elementor-element elementor-element-b0b5156\" data-id=\"b0b5156\" data-element_type=\"column\">\n\t\t\t<div class=\"elementor-widget-wrap elementor-element-populated\">\n\t\t\t\t\t\t<div class=\"elementor-element elementor-element-62ebdf7 elementor-widget elementor-widget-abstand\" data-id=\"62ebdf7\" data-element_type=\"widget\" data-widget_type=\"abstand.default\">\n\t\t\t\t<div class=\"elementor-widget-container\">\n\t\t\t\t\t<div class=\"nosun-widget nosun-abstand abstand-size-xl\"><\/div>\t\t\t\t<\/div>\n\t\t\t\t<\/div>\n\t\t\t\t<div class=\"elementor-element elementor-element-6e3c253 elementor-widget elementor-widget-shortcode\" data-id=\"6e3c253\" data-element_type=\"widget\" data-widget_type=\"shortcode.default\">\n\t\t\t\t<div class=\"elementor-widget-container\">\n\t\t\t\t\t\t\t<div class=\"elementor-shortcode\"><div class=\"erfolge-container\"><div class=\"container xsmall\"><span class=\"h11 uppertitle\">Erfolge<\/span><h2>\u00dcberlegenheit im Rallysport<\/h2><\/div><div class=\"container erfolge-gallery-container xsmall\"><div class=\"swiper-container swiper erfolge-gallery-swiper\"><div class=\"swiper-wrapper\"><div class=\"swiper-slide eg-item\"><img fetchpriority=\"high\" decoding=\"async\" width=\"1304\" height=\"718\" src=\"https:\/\/www.delta-historic.com\/wp-content\/uploads\/2023\/02\/ueberlegenheit-im-rallysport-martin-karlhofer.jpg\" class=\"attachment-galerie-hauptbild size-galerie-hauptbild\" alt=\"\" srcset=\"https:\/\/www.delta-historic.com\/wp-content\/uploads\/2023\/02\/ueberlegenheit-im-rallysport-martin-karlhofer.jpg 1304w, https:\/\/www.delta-historic.com\/wp-content\/uploads\/2023\/02\/ueberlegenheit-im-rallysport-martin-karlhofer-300x165.jpg 300w, https:\/\/www.delta-historic.com\/wp-content\/uploads\/2023\/02\/ueberlegenheit-im-rallysport-martin-karlhofer-1024x564.jpg 1024w, https:\/\/www.delta-historic.com\/wp-content\/uploads\/2023\/02\/ueberlegenheit-im-rallysport-martin-karlhofer-768x423.jpg 768w, https:\/\/www.delta-historic.com\/wp-content\/uploads\/2023\/02\/ueberlegenheit-im-rallysport-martin-karlhofer-600x330.jpg 600w, https:\/\/www.delta-historic.com\/wp-content\/uploads\/2023\/02\/ueberlegenheit-im-rallysport-martin-karlhofer-64x35.jpg 64w\" sizes=\"(max-width: 1304px) 100vw, 1304px\" \/><\/div><div class=\"swiper-slide eg-item\"><img decoding=\"async\" width=\"2560\" height=\"1642\" src=\"https:\/\/www.delta-historic.com\/wp-content\/uploads\/2023\/02\/delta-historic-geschichte-2-scaled.jpg\" class=\"attachment-galerie-hauptbild size-galerie-hauptbild\" alt=\"\" srcset=\"https:\/\/www.delta-historic.com\/wp-content\/uploads\/2023\/02\/delta-historic-geschichte-2-scaled.jpg 2560w, https:\/\/www.delta-historic.com\/wp-content\/uploads\/2023\/02\/delta-historic-geschichte-2-300x192.jpg 300w, https:\/\/www.delta-historic.com\/wp-content\/uploads\/2023\/02\/delta-historic-geschichte-2-1024x657.jpg 1024w, https:\/\/www.delta-historic.com\/wp-content\/uploads\/2023\/02\/delta-historic-geschichte-2-768x493.jpg 768w, https:\/\/www.delta-historic.com\/wp-content\/uploads\/2023\/02\/delta-historic-geschichte-2-600x385.jpg 600w, https:\/\/www.delta-historic.com\/wp-content\/uploads\/2023\/02\/delta-historic-geschichte-2-64x41.jpg 64w\" sizes=\"(max-width: 2560px) 100vw, 2560px\" \/><\/div><div class=\"swiper-slide eg-item\"><img decoding=\"async\" width=\"1428\" height=\"1313\" src=\"https:\/\/www.delta-historic.com\/wp-content\/uploads\/2023\/02\/rennsport-im-zeichen-des-erfolges.jpg\" class=\"attachment-galerie-hauptbild size-galerie-hauptbild\" alt=\"\" srcset=\"https:\/\/www.delta-historic.com\/wp-content\/uploads\/2023\/02\/rennsport-im-zeichen-des-erfolges.jpg 1428w, https:\/\/www.delta-historic.com\/wp-content\/uploads\/2023\/02\/rennsport-im-zeichen-des-erfolges-300x276.jpg 300w, https:\/\/www.delta-historic.com\/wp-content\/uploads\/2023\/02\/rennsport-im-zeichen-des-erfolges-1024x942.jpg 1024w, https:\/\/www.delta-historic.com\/wp-content\/uploads\/2023\/02\/rennsport-im-zeichen-des-erfolges-768x706.jpg 768w, https:\/\/www.delta-historic.com\/wp-content\/uploads\/2023\/02\/rennsport-im-zeichen-des-erfolges-600x552.jpg 600w, https:\/\/www.delta-historic.com\/wp-content\/uploads\/2023\/02\/rennsport-im-zeichen-des-erfolges-64x59.jpg 64w\" sizes=\"(max-width: 1428px) 100vw, 1428px\" \/><\/div><\/div><div class=\"eg-pagination swiper-pagination\" style=\"text-align:left;color:var(--c-light-gray);\"><\/div><\/div><div class=\"eg-button-prev swiper-button-prev\"><svg xmlns=\"http:\/\/www.w3.org\/2000\/svg\" width=\"86\" height=\"86\" viewBox=\"0 0 86 86\"><g transform=\"translate(21.5 35.965)\"><g transform=\"translate(1.865 6.175)\"><rect width=\"41.135\" height=\"1.72\" fill=\"#e7332b\"\/><\/g><g><g><path d=\"M7.564,0,8.738,1.26,2.525,7.033l6.212,5.775-1.173,1.26L0,7.033Z\" fill=\"#e7332b\"\/><\/g><\/g><\/g><g><path d=\"M43,84.28A41.28,41.28,0,1,1,84.28,43,41.327,41.327,0,0,1,43,84.28M43,86A43,43,0,1,0,0,43,43,43,0,0,0,43,86Z\" fill=\"#e7332b\"\/><\/g><\/svg><\/div><div class=\"eg-button-next swiper-button-next\"><svg xmlns=\"http:\/\/www.w3.org\/2000\/svg\" width=\"86\" height=\"86\" viewBox=\"0 0 86 86\"><g transform=\"translate(-2041 -534)\"><g transform=\"translate(2062.5 569.967)\"><g transform=\"translate(0 6.173)\"><rect width=\"41.135\" height=\"1.72\" fill=\"#e7332b\"\/><\/g><g transform=\"translate(34.262)\"><g><path d=\"M2107.013,589.89l-1.173-1.26,6.212-5.773-6.212-5.775,1.173-1.26,7.564,7.035Z\" transform=\"translate(-2105.84 -575.822)\" fill=\"#e7332b\"\/><\/g><\/g><\/g><g transform=\"translate(2041 534)\"><path d=\"M2084,535.72A41.28,41.28,0,1,1,2042.72,577,41.327,41.327,0,0,1,2084,535.72m0-1.72a43,43,0,1,0,43,43,43,43,0,0,0-43-43Z\" transform=\"translate(-2041 -534)\" fill=\"#e7332b\"\/><\/g><\/g><\/svg><\/div><\/div><div class=\"container xsmall erfolge-wrapper\"><div class=\"erfolg\" style=\"display:grid;grid-template-columns: 130px 1fr;grid-gap:20px;\"><div class=\"erfolg-jahr\"><span class=\"ff-alt c-primary fw-500 lh-s fs-l\">1987<\/span><\/div><div class=\"erfolg-content\">1987 f\u00e4llt der Startschuss einer lang anhaltenden Dominanz in der Rallye Weltmeisterschaft. Der Delta 4WD gewinnt die prestigetr\u00e4chtige Rallye Monte Carlo. Fahrer wie Juha Kankkunen oder auch Miki Biasion werden Akrobaten hinter dem Lenkrad und Pers\u00f6nlichkeiten die man in Zeiten des heutigen beinahe \u201esterilen\u201c Motorsports nur vermissen w\u00fcrde.<\/div><\/div><div class=\"erfolg\" style=\"display:grid;grid-template-columns: 130px 1fr;grid-gap:20px;\"><div class=\"erfolg-jahr\"><span class=\"ff-alt c-primary fw-500 lh-s fs-l\">1988<\/span><\/div><div class=\"erfolg-content\">Die Erfolgsserie h\u00e4lt das ganze Jahr \u00fcber an: neun Siege bei 12 Starts zur Markenweltmeisterschaft, die schon lange vor Ende der Saison gewonnen wurde. 1988 gewinnt der 4WD noch einmal die ber\u00fchmte \u201eMonte\u201c um dann von der neuen Version, dem Integrale abgel\u00f6st zu werden, der wieder die Weltmeisterschaft f\u00fcr Lancia feiert.<\/div><\/div><div class=\"erfolg\" style=\"display:grid;grid-template-columns: 130px 1fr;grid-gap:20px;\"><div class=\"erfolg-jahr\"><span class=\"ff-alt c-primary fw-500 lh-s fs-l\">1989 \u2013 1990<\/span><\/div><div class=\"erfolg-content\">Eine neue Zeitrechnung beginnt. 1989 folgen Siege in Monte Carlo, Portugal, bei der Safari Rallye, Tour de Corse, Akropolis und auch in Argentinien. Die Saison bringt einen weiteren Weltmeisterschaftstitel und schlie\u00dft mit einem Sieg des Integrale 16V bei der Rallye San Remo. 1990 folgte der n\u00e4chste Streich und somit vierte Weltmeistertitel. Das darauf folgende Jahr wurde f\u00fcr den Integrale ein schwieriges aber zugleich auch sehr erfolgreiches.\r\n\r\nGegen \u00fcberaus starke Konkurrenz wird die Weltmeisterschaft vorzeitig und zum f\u00fcnften Mal in Folge gewonnen. Juha Kankkunen wird in einem spannenden Finale beim letzten Lauf des Jahres, der RAC Rallye, zum Fahrerweltmeister gek\u00fcrt.\r\n\r\nDer Wettbewerb zog technologisch nach. Mit dem Integrale wurden neue Wege gesucht um weiter erfolgreich zu bleiben.<\/div><\/div><div class=\"erfolg\" style=\"display:grid;grid-template-columns: 130px 1fr;grid-gap:20px;\"><div class=\"erfolg-jahr\"><span class=\"ff-alt c-primary fw-500 lh-s fs-l\">1992<\/span><\/div><div class=\"erfolg-content\">Die Zeit des Integrale Evolution war gekommen. Zu Beginn der Saison 1992 musste man sich auf bedeutende Ver\u00e4nderungen einstellen da sich das Unternehmen entschloss die Werksabteilung bei Abarth zu schlie\u00dfen.\r\n\r\nMartini Racing und Jolly Club sprangen ein, garantierten eine professionelle Durchf\u00fchrung und triumphierten in der folgenden WM-Saison. Es gab viele Gegner aber niemanden der ihn wirklich stoppen konnte. Ob in der Hitze Afrikas noch im tiefst verschneiten Finnland. Mit dem Gewinn der Rallye Weltmeisterschaft 1992, dem Sechsten in Folge, ist der Lancia Delta Integrale das erfolgreichste Fahrzeug aller Zeiten und wird wohl damit in die ewigen Annalen des Rallyesports eingehen.<\/div><\/div><\/div><\/div><\/div>\n\t\t\t\t\t\t<\/div>\n\t\t\t\t<\/div>\n\t\t\t\t<div class=\"elementor-element elementor-element-bbefcf0 elementor-widget elementor-widget-abstand\" data-id=\"bbefcf0\" data-element_type=\"widget\" data-widget_type=\"abstand.default\">\n\t\t\t\t<div class=\"elementor-widget-container\">\n\t\t\t\t\t<div class=\"nosun-widget nosun-abstand abstand-size-xl\"><\/div>\t\t\t\t<\/div>\n\t\t\t\t<\/div>\n\t\t\t\t\t<\/div>\n\t\t<\/div>\n\t\t\t\t\t<\/div>\n\t\t<\/section>\n\t\t\t\t<\/div>\n\t\t","protected":false},"excerpt":{"rendered":"<p>HFHF Symbol der Sportlichkeit HF- das erinnert an Lancia Rallye Sieger, die bereits Mythos geworden sind. Es ist die Abk\u00fcrzung f\u00fcr High Fidelity und wurde seit der Gr\u00fcndung im Jahre 1960 f\u00fcr den Lancia Hi.Fi.-Club verwendet, dessen Mitglieder besonders treue Lancia Kunden sind. Noch \u00e4lter ist der kleine galoppierende Elefant. Das Symbol wurde f\u00fcr die <a href=\"https:\/\/www.delta-historic.com\/de\/geschichte\/\" class=\"more-link\">&#8230;<span class=\"screen-reader-text\">weiterlesen  Geschichte<\/span><\/a><\/p>\n","protected":false},"author":3,"featured_media":0,"parent":0,"menu_order":0,"comment_status":"closed","ping_status":"closed","template":"","meta":{"_acf_changed":false,"_sitemap_exclude":false,"_sitemap_priority":"","_sitemap_frequency":"","iawp_total_views":174,"footnotes":""},"class_list":["post-747","page","type-page","status-publish","hentry"],"acf":[],"yoast_head":"<!-- This site is optimized with the Yoast SEO plugin v27.2 - https:\/\/yoast.com\/product\/yoast-seo-wordpress\/ -->\n<title>Geschichte - Karlhofer \u2013 Delta Historic GmbH<\/title>\n<meta name=\"robots\" content=\"index, follow, max-snippet:-1, max-image-preview:large, max-video-preview:-1\" \/>\n<link rel=\"canonical\" href=\"https:\/\/www.delta-historic.com\/de\/geschichte\/\" \/>\n<meta property=\"og:locale\" content=\"de_DE\" \/>\n<meta property=\"og:type\" content=\"article\" \/>\n<meta property=\"og:title\" content=\"Geschichte - Karlhofer \u2013 Delta Historic GmbH\" \/>\n<meta property=\"og:description\" content=\"HFHF Symbol der Sportlichkeit HF- das erinnert an Lancia Rallye Sieger, die bereits Mythos geworden sind. Es ist die Abk\u00fcrzung f\u00fcr High Fidelity und wurde seit der Gr\u00fcndung im Jahre 1960 f\u00fcr den Lancia Hi.Fi.-Club verwendet, dessen Mitglieder besonders treue Lancia Kunden sind. Noch \u00e4lter ist der kleine galoppierende Elefant. Das Symbol wurde f\u00fcr die ...weiterlesen Geschichte\" \/>\n<meta property=\"og:url\" content=\"https:\/\/www.delta-historic.com\/de\/geschichte\/\" \/>\n<meta property=\"og:site_name\" content=\"Karlhofer \u2013 Delta Historic GmbH\" \/>\n<meta property=\"article:publisher\" content=\"https:\/\/www.facebook.com\/KarlhoferDeltaHistoric\" \/>\n<meta property=\"article:modified_time\" content=\"2023-03-10T23:09:42+00:00\" \/>\n<meta property=\"og:image\" content=\"https:\/\/www.delta-historic.com\/wp-content\/uploads\/2023\/02\/hf-symbold-der-sportlichkeit.jpg\" \/>\n<meta name=\"twitter:card\" content=\"summary_large_image\" \/>\n<meta name=\"twitter:label1\" content=\"Gesch\u00e4tzte Lesezeit\" \/>\n\t<meta name=\"twitter:data1\" content=\"4\u00a0Minuten\" \/>\n<script type=\"application\/ld+json\" class=\"yoast-schema-graph\">{\"@context\":\"https:\/\/schema.org\",\"@graph\":[{\"@type\":\"WebPage\",\"@id\":\"https:\/\/www.delta-historic.com\/de\/geschichte\/\",\"url\":\"https:\/\/www.delta-historic.com\/de\/geschichte\/\",\"name\":\"Geschichte - Karlhofer \u2013 Delta Historic GmbH\",\"isPartOf\":{\"@id\":\"https:\/\/www.delta-historic.com\/de\/#website\"},\"primaryImageOfPage\":{\"@id\":\"https:\/\/www.delta-historic.com\/de\/geschichte\/#primaryimage\"},\"image\":{\"@id\":\"https:\/\/www.delta-historic.com\/de\/geschichte\/#primaryimage\"},\"thumbnailUrl\":\"https:\/\/www.delta-historic.com\/wp-content\/uploads\/2023\/02\/hf-symbold-der-sportlichkeit.jpg\",\"datePublished\":\"2023-03-06T14:08:20+00:00\",\"dateModified\":\"2023-03-10T23:09:42+00:00\",\"breadcrumb\":{\"@id\":\"https:\/\/www.delta-historic.com\/de\/geschichte\/#breadcrumb\"},\"inLanguage\":\"de\",\"potentialAction\":[{\"@type\":\"ReadAction\",\"target\":[\"https:\/\/www.delta-historic.com\/de\/geschichte\/\"]}]},{\"@type\":\"ImageObject\",\"inLanguage\":\"de\",\"@id\":\"https:\/\/www.delta-historic.com\/de\/geschichte\/#primaryimage\",\"url\":\"https:\/\/www.delta-historic.com\/wp-content\/uploads\/2023\/02\/hf-symbold-der-sportlichkeit.jpg\",\"contentUrl\":\"https:\/\/www.delta-historic.com\/wp-content\/uploads\/2023\/02\/hf-symbold-der-sportlichkeit.jpg\"},{\"@type\":\"BreadcrumbList\",\"@id\":\"https:\/\/www.delta-historic.com\/de\/geschichte\/#breadcrumb\",\"itemListElement\":[{\"@type\":\"ListItem\",\"position\":1,\"name\":\"Startseite\",\"item\":\"https:\/\/www.delta-historic.com\/de\/\"},{\"@type\":\"ListItem\",\"position\":2,\"name\":\"Geschichte\"}]},{\"@type\":\"WebSite\",\"@id\":\"https:\/\/www.delta-historic.com\/de\/#website\",\"url\":\"https:\/\/www.delta-historic.com\/de\/\",\"name\":\"Karlhofer \u2013 Delta Historic GmbH\",\"description\":\"\",\"publisher\":{\"@id\":\"https:\/\/www.delta-historic.com\/de\/#organization\"},\"potentialAction\":[{\"@type\":\"SearchAction\",\"target\":{\"@type\":\"EntryPoint\",\"urlTemplate\":\"https:\/\/www.delta-historic.com\/de\/?s={search_term_string}\"},\"query-input\":{\"@type\":\"PropertyValueSpecification\",\"valueRequired\":true,\"valueName\":\"search_term_string\"}}],\"inLanguage\":\"de\"},{\"@type\":\"Organization\",\"@id\":\"https:\/\/www.delta-historic.com\/de\/#organization\",\"name\":\"Karlhofer \u2013 Delta Historic GmbH\",\"url\":\"https:\/\/www.delta-historic.com\/de\/\",\"logo\":{\"@type\":\"ImageObject\",\"inLanguage\":\"de\",\"@id\":\"https:\/\/www.delta-historic.com\/de\/#\/schema\/logo\/image\/\",\"url\":\"https:\/\/www.delta-historic.com\/wp-content\/uploads\/2022\/12\/logo.svg\",\"contentUrl\":\"https:\/\/www.delta-historic.com\/wp-content\/uploads\/2022\/12\/logo.svg\",\"width\":369,\"height\":141,\"caption\":\"Karlhofer \u2013 Delta Historic GmbH\"},\"image\":{\"@id\":\"https:\/\/www.delta-historic.com\/de\/#\/schema\/logo\/image\/\"},\"sameAs\":[\"https:\/\/www.facebook.com\/KarlhoferDeltaHistoric\",\"https:\/\/www.instagram.com\/delta_historic\/\",\"https:\/\/www.youtube.com\/@karlhofer-deltaintegrale1540\"]}]}<\/script>\n<!-- \/ Yoast SEO plugin. -->","yoast_head_json":{"title":"Geschichte - Karlhofer \u2013 Delta Historic GmbH","robots":{"index":"index","follow":"follow","max-snippet":"max-snippet:-1","max-image-preview":"max-image-preview:large","max-video-preview":"max-video-preview:-1"},"canonical":"https:\/\/www.delta-historic.com\/de\/geschichte\/","og_locale":"de_DE","og_type":"article","og_title":"Geschichte - Karlhofer \u2013 Delta Historic GmbH","og_description":"HFHF Symbol der Sportlichkeit HF- das erinnert an Lancia Rallye Sieger, die bereits Mythos geworden sind. Es ist die Abk\u00fcrzung f\u00fcr High Fidelity und wurde seit der Gr\u00fcndung im Jahre 1960 f\u00fcr den Lancia Hi.Fi.-Club verwendet, dessen Mitglieder besonders treue Lancia Kunden sind. Noch \u00e4lter ist der kleine galoppierende Elefant. Das Symbol wurde f\u00fcr die ...weiterlesen Geschichte","og_url":"https:\/\/www.delta-historic.com\/de\/geschichte\/","og_site_name":"Karlhofer \u2013 Delta Historic GmbH","article_publisher":"https:\/\/www.facebook.com\/KarlhoferDeltaHistoric","article_modified_time":"2023-03-10T23:09:42+00:00","og_image":[{"url":"https:\/\/www.delta-historic.com\/wp-content\/uploads\/2023\/02\/hf-symbold-der-sportlichkeit.jpg","type":"","width":"","height":""}],"twitter_card":"summary_large_image","twitter_misc":{"Gesch\u00e4tzte Lesezeit":"4\u00a0Minuten"},"schema":{"@context":"https:\/\/schema.org","@graph":[{"@type":"WebPage","@id":"https:\/\/www.delta-historic.com\/de\/geschichte\/","url":"https:\/\/www.delta-historic.com\/de\/geschichte\/","name":"Geschichte - Karlhofer \u2013 Delta Historic GmbH","isPartOf":{"@id":"https:\/\/www.delta-historic.com\/de\/#website"},"primaryImageOfPage":{"@id":"https:\/\/www.delta-historic.com\/de\/geschichte\/#primaryimage"},"image":{"@id":"https:\/\/www.delta-historic.com\/de\/geschichte\/#primaryimage"},"thumbnailUrl":"https:\/\/www.delta-historic.com\/wp-content\/uploads\/2023\/02\/hf-symbold-der-sportlichkeit.jpg","datePublished":"2023-03-06T14:08:20+00:00","dateModified":"2023-03-10T23:09:42+00:00","breadcrumb":{"@id":"https:\/\/www.delta-historic.com\/de\/geschichte\/#breadcrumb"},"inLanguage":"de","potentialAction":[{"@type":"ReadAction","target":["https:\/\/www.delta-historic.com\/de\/geschichte\/"]}]},{"@type":"ImageObject","inLanguage":"de","@id":"https:\/\/www.delta-historic.com\/de\/geschichte\/#primaryimage","url":"https:\/\/www.delta-historic.com\/wp-content\/uploads\/2023\/02\/hf-symbold-der-sportlichkeit.jpg","contentUrl":"https:\/\/www.delta-historic.com\/wp-content\/uploads\/2023\/02\/hf-symbold-der-sportlichkeit.jpg"},{"@type":"BreadcrumbList","@id":"https:\/\/www.delta-historic.com\/de\/geschichte\/#breadcrumb","itemListElement":[{"@type":"ListItem","position":1,"name":"Startseite","item":"https:\/\/www.delta-historic.com\/de\/"},{"@type":"ListItem","position":2,"name":"Geschichte"}]},{"@type":"WebSite","@id":"https:\/\/www.delta-historic.com\/de\/#website","url":"https:\/\/www.delta-historic.com\/de\/","name":"Karlhofer \u2013 Delta Historic GmbH","description":"","publisher":{"@id":"https:\/\/www.delta-historic.com\/de\/#organization"},"potentialAction":[{"@type":"SearchAction","target":{"@type":"EntryPoint","urlTemplate":"https:\/\/www.delta-historic.com\/de\/?s={search_term_string}"},"query-input":{"@type":"PropertyValueSpecification","valueRequired":true,"valueName":"search_term_string"}}],"inLanguage":"de"},{"@type":"Organization","@id":"https:\/\/www.delta-historic.com\/de\/#organization","name":"Karlhofer \u2013 Delta Historic GmbH","url":"https:\/\/www.delta-historic.com\/de\/","logo":{"@type":"ImageObject","inLanguage":"de","@id":"https:\/\/www.delta-historic.com\/de\/#\/schema\/logo\/image\/","url":"https:\/\/www.delta-historic.com\/wp-content\/uploads\/2022\/12\/logo.svg","contentUrl":"https:\/\/www.delta-historic.com\/wp-content\/uploads\/2022\/12\/logo.svg","width":369,"height":141,"caption":"Karlhofer \u2013 Delta Historic GmbH"},"image":{"@id":"https:\/\/www.delta-historic.com\/de\/#\/schema\/logo\/image\/"},"sameAs":["https:\/\/www.facebook.com\/KarlhoferDeltaHistoric","https:\/\/www.instagram.com\/delta_historic\/","https:\/\/www.youtube.com\/@karlhofer-deltaintegrale1540"]}]}},"_links":{"self":[{"href":"https:\/\/www.delta-historic.com\/de\/wp-json\/wp\/v2\/pages\/747","targetHints":{"allow":["GET"]}}],"collection":[{"href":"https:\/\/www.delta-historic.com\/de\/wp-json\/wp\/v2\/pages"}],"about":[{"href":"https:\/\/www.delta-historic.com\/de\/wp-json\/wp\/v2\/types\/page"}],"author":[{"embeddable":true,"href":"https:\/\/www.delta-historic.com\/de\/wp-json\/wp\/v2\/users\/3"}],"replies":[{"embeddable":true,"href":"https:\/\/www.delta-historic.com\/de\/wp-json\/wp\/v2\/comments?post=747"}],"version-history":[{"count":23,"href":"https:\/\/www.delta-historic.com\/de\/wp-json\/wp\/v2\/pages\/747\/revisions"}],"predecessor-version":[{"id":3483,"href":"https:\/\/www.delta-historic.com\/de\/wp-json\/wp\/v2\/pages\/747\/revisions\/3483"}],"wp:attachment":[{"href":"https:\/\/www.delta-historic.com\/de\/wp-json\/wp\/v2\/media?parent=747"}],"curies":[{"name":"wp","href":"https:\/\/api.w.org\/{rel}","templated":true}]}}