{"id":761,"date":"2023-03-02T11:18:58","date_gmt":"2023-03-02T10:18:58","guid":{"rendered":"https:\/\/www.delta-historic.com\/?page_id=761"},"modified":"2025-12-22T10:13:24","modified_gmt":"2025-12-22T09:13:24","slug":"agb","status":"publish","type":"page","link":"https:\/\/www.delta-historic.com\/de\/agb\/","title":{"rendered":"AGB"},"content":{"rendered":"<h1>AGB (Allgemeine Gesch\u00e4ftsbedingungen) der Firma Karlhofer \u2013 Delta Historic GmbH<\/h1>\n<p><strong>1. Allgemeines<\/strong><br \/>\n1.) Die Lieferungen, Leistungen und Angebote von Karlhofer erfolgen ausschlie\u00dflich aufgrund dieser Verkaufs- und Lieferbedingungen. Diese gelten somit auch f\u00fcr alle k\u00fcnftigen Gesch\u00e4ftsbeziehungen, selbst wenn sie nicht nochmals ausdr\u00fccklich vereinbart werden. Sp\u00e4testens mit m\u00fcndlicher oder schriftlicher Auftragserteilung bzw. mit der Entgegennahme der Ware oder Leistung, gelten diese Bedingungen als angenommen. Gegenbest\u00e4tigungen des K\u00e4ufers unter Hinweis auf seine Gesch\u00e4fts- bzw. Einkaufsbedingungen wird hiermit widersprochen. Gesch\u00e4ftsbedingungen des K\u00e4ufers verpflichten uns &#8211; auch ohne ausdr\u00fccklichen Widerspruch &#8211; nicht. Unsere Verkaufsbedingungen gelten auch dann, wenn wir in Kenntnis entgegenstehender oder von unseren Verkaufsbedingungen abweichenden Bedingungen des Bestellers die Lieferung an den Besteller vorbehaltlos ausf\u00fchren.<br \/>\n2.) Abweichungen von diesen Verkaufs- und Lieferbedingungen sind nur wirksam, wenn der Verk\u00e4ufer sie schriftlich best\u00e4tigt. Mit der Bestellung gelten diese Bedingungen als angenommen. M\u00fcndliche Nebenabreden oder \u00c4nderungen des Vertrages oder dieser Bedingungen bed\u00fcrfen der schriftlichen Best\u00e4tigung.<\/p>\n<p><strong>2. Angebot und Vertragsabschluss<\/strong><br \/>\n1.) Die Angebote von Karlhofer sind freibleibend und unverbindlich. Annahmeerkl\u00e4rungen und s\u00e4mtliche Bestellungen bed\u00fcrfen zur Rechtswirksamkeit der schriftlichen, fernschriftlichen oder fernm\u00fcndlichen Best\u00e4tigung des Verk\u00e4ufers. Das gleiche gilt f\u00fcr Erg\u00e4nzungen, Ab\u00e4nderungen oder Nebenabreden. Ein Kaufvertrag kommt erst dann zustande, wenn die Bestellung schriftlich oder per E-Mail best\u00e4tigt wurde. Die Zusendung der Ware in angemessener Zeit ab Bestellung gilt als Annahme.<br \/>\n2.) Zeichnungen, Abbildungen, Ma\u00dfe, Gewichte oder sonstige Leistungsdaten sind &#8211; unbeschadet der \u00fcbernommenen Ma\u00dfgarantie &#8211; nur verbindlich, wenn dies ausdr\u00fccklich schriftlich vereinbart wird.<br \/>\n3.) Versandkosten werden erst nach Abschluss der Bestellung bei der dann erhaltenen Rechnung berechnet und beigef\u00fcgt. Erst dann ist der Kauf abgeschlossen.<\/p>\n<p><strong>3. Liefer- und Leistungszeit<\/strong><br \/>\n1.) Die von Karlhofer genannten Termine und Fristen sind unverbindlich, sofern nicht ausdr\u00fccklich schriftlich etwas anderes vereinbart wurde.<br \/>\n2.)\u00a0<a name=\"_Hlk514074979\"><\/a>Karlhofer\u00a0ist zu Teillieferungen und Teilleistungen jederzeit berechtigt. Der Beginn der von uns angegebenen Lieferzeit setzt die Abkl\u00e4rung aller technischen Fragen voraus.<br \/>\n3.) Kommt der Besteller in Annahmeverzug oder verletzt er schuldhaft sonstige Mitwirkungspflichten, sind wir berechtigt, Ersatz f\u00fcr den uns insoweit entstehenden Schaden, einschlie\u00dflich etwaiger Mehraufwendungen zu verlangen. Weitergehende Anspr\u00fcche bleiben vorbehalten.<br \/>\n4.) Sofern die Voraussetzungen von Abs. (2) vorliegen, geht die Gefahr eines zuf\u00e4lligen Untergangs oder einer zuf\u00e4lligen Verschlechterung der Kaufsache in dem Zeitpunkt auf den Besteller \u00fcber, in dem dieser in Annahme- oder Schuldnerverzug geraten ist.<br \/>\n5.) Wir haften ferner nach den gesetzlichen Bestimmungen, sofern der Lieferverzug auf einer von uns zu vertretenden vors\u00e4tzlichen oder grob fahrl\u00e4ssigen Vertragsverletzung beruht; ein Verschulden unserer Vertreter oder Erf\u00fcllungsgehilfen ist uns zuzurechnen. Sofern der Lieferverzug nicht auf einer von uns zu vertretenden vors\u00e4tzlichen Vertragsverletzung beruht, ist unsere Schadensersatzhaftung auf den vorhersehbaren, typischerweise eintretenden Schaden begrenzt.<br \/>\n6.) Weitere gesetzliche Anspr\u00fcche und Rechte des Bestellers bleiben vorbehalten.<\/p>\n<p><strong>4. Gefahr\u00fcbergang\/ Verpackungskosten<\/strong><\/p>\n<p>1.) Die Gefahr geht auf den K\u00e4ufer \u00fcber, sobald die Sendung an die den Transport ausf\u00fchrende Person \u00fcbergeben worden ist oder zwecks Versendung das Lager von Karlhofer verlassen hat. Falls der Versand ohne Verschulden von Karlhofer unm\u00f6glich wird, geht die Gefahr mit der Meldung der Versandbereitschaft auf den K\u00e4ufer \u00fcber.<br \/>\n2.) Transport- und alle sonstigen Verpackungen nach Ma\u00dfgabe der Verpackungsordnung werden nicht zur\u00fcckgenommen. Der Besteller ist verpflichtet, f\u00fcr eine Entsorgung der Verpackungen auf eigene Kosten zu sorgen.<\/p>\n<p><strong>5. Gew\u00e4hrleistung<\/strong><br \/>\n1.) Ist der Liefergegenstand mangelhaft oder fehlen ihm zugesicherte Eigenschaften, liefert Karlhofer nach seiner Wahl unter Ausschluss sonstiger Gew\u00e4hrleistungsanspr\u00fcche des K\u00e4ufers &#8211; insbesondere unter Ausschluss jedweder Folgesch\u00e4den des K\u00e4ufers &#8211; Ersatz oder bessert nach. Mehrfache Nachbesserungen sind zul\u00e4ssig.<br \/>\n2.) Die Gew\u00e4hrleistungspflicht auf Neuware betr\u00e4gt 6 Monate falls nicht anders vereinbart und beginnt mit dem Datum der Lieferung. Werden Betriebs- oder Wartungsanweisungen des Verk\u00e4ufers nicht befolgt, \u00c4nderungen an den Produkten vorgenommen, Teile ausgewechselt oder Verbrauchsmaterialien verwendet, die nicht den Originalspezifikationen entsprechen, so entf\u00e4llt jede Gew\u00e4hrleistung.<br \/>\n3.) Karlhofer sind M\u00e4ngel unverz\u00fcglich, sp\u00e4testens jedoch innerhalb einer Woche nach Eingang des Liefergegenstandes schriftlich mitzuteilen. M\u00e4ngel die auch bei sorgf\u00e4ltiger Pr\u00fcfung innerhalb dieser Frist nicht entdeckt werden k\u00f6nnen, sind dem Verk\u00e4ufer unverz\u00fcglich nach Entdeckung schriftlich mitzuteilen. Die mangelhaften Liefergegenst\u00e4nde sind in dem Zustand, in dem sie sich im Zeitpunkt der Feststellung des Mangels befinden, kostenfrei an\u00a0<a name=\"_Hlk514075136\"><\/a>Karlhofer\u00a0zu schicken. Ein Versto\u00df gegen die vorstehenden Verpflichtungen schlie\u00dft jedwede Gew\u00e4hrleistung seitens Karlhofer aus.<br \/>\n4.) Die Gew\u00e4hrleistung gilt nicht f\u00fcr Verschlei\u00df- und Gebrauchtteile, die unter Ausschluss jeglicher Gew\u00e4hrleistung geliefert werden.<br \/>\n5.) Gew\u00e4hrleistungsanspr\u00fcche gegen den Verk\u00e4ufer stehen nur dem unmittelbaren K\u00e4ufer zu. Sie sind nur mit vorheriger schriftlicher Zustimmung des Verk\u00e4ufers abtretbar.<\/p>\n<p><strong>6. Eigentumsvorbehalt<\/strong><br \/>\n1.) Die Ware bleibt Eigentum des Verk\u00e4ufers, Verarbeitung oder Umbildung erfolgen stets f\u00fcr den Verk\u00e4ufer als Hersteller, jedoch ohne Verpflichtung f\u00fcr ihn. Erlischt das (Mit-) Eigentum des Verk\u00e4ufers durch Verbindung, so wird bereits jetzt vereinbart, dass das (Mit-) Eigentum von Karlhofer an der einheitlichen Sache wertanteilm\u00e4\u00dfig (Rechnungswert) auf Karlhofer \u00fcbergeht. Der K\u00e4ufer verwahrt das (Mit-) Eigentum von Karlhofer unentgeltlich. Ware, an der Karlhofer (Mit-) Eigentum zusteht, wird im Folgenden als Vorbehaltsware bezeichnet.<br \/>\n2.) Der K\u00e4ufer ist berechtigt, die Vorbehaltsware im ordnungsgem\u00e4\u00dfen Gesch\u00e4ftsverkehr zu verarbeiten und zu ver\u00e4u\u00dfern, solange er nicht in Verzug ist. Verpf\u00e4ndungen oder Sicherungs\u00fcbereignungen sind unzul\u00e4ssig. Die aus dem Weiterverkauf oder einem sonstigen Rechtsgrund (Versicherung, unerlaubte Handlung) bez\u00fcglich der Vorbehaltsware entstehenden Forderungen tritt der K\u00e4ufer bereits jetzt sicherungshalber in vollem Umfang an Karlhofer ab.<br \/>\nKarlhofer erm\u00e4chtigt ihn widerruflich, die an Karlhofer abgetretenen Forderungen f\u00fcr dessen Rechnung im eigenen Namen einzuziehen. Auf Aufforderung des Verk\u00e4ufers hin wird der K\u00e4ufer die Abtretung offenlegen und jedem die erforderlichen Ausk\u00fcnfte und Unterlagen geben.<br \/>\n3.) Bei Zugriffen Dritter auf die Vorbehaltsware wird der K\u00e4ufer auf das Eigentum von Karlhofer hinweisen und diesen unverz\u00fcglich benachrichtigen. Kosten und Sch\u00e4den tr\u00e4gt der K\u00e4ufer.<\/p>\n<p>4.) Bei vertragswidrigem Verhalten des K\u00e4ufers &#8211; insbesondere Zahlungsverzug &#8211; Karlhofer berechtigt, die Vorbehaltsware auf Kosten des K\u00e4ufers zur\u00fcckzunehmen oder gegebenenfalls Abtretung der Herausgabeanspr\u00fcche des K\u00e4ufers gegen Dritte zu verlangen. In der Zur\u00fccknahme sowie in der Pf\u00e4ndung der Vorbehaltsware Karlhofer liegt &#8211; soweit nicht Abzahlungsgesetz Anwendung findet &#8211; kein R\u00fccktritt vom Vertrage.<\/p>\n<p><strong>7. Zahlung<\/strong><br \/>\n1.) Soweit nicht anders vereinbart, erfolgt die Zahlung durch Nachnahme, Lieferung per Lastschriftverfahren durch Bankeinzug, oder Vorauskasse. Karlhofer ist berechtigt trotz lautenden Bestimmungen des K\u00e4ufers Zahlungen zun\u00e4chst auf dessen \u00e4ltere Schulden anzurechnen. Sind bereits Kosten und Zinsen entstanden, so ist Karlhofer berechtigt, die Zahlung auf die Kosten, dann auf die Zinsen und zuletzt auf die Hauptleistung anzurechnen.<br \/>\n2.) Eine Zahlung gilt erst dann als erfolgt, wenn der Verk\u00e4ufer \u00fcber den Betrag verf\u00fcgen kann. Im Falle der Lastschrift oder von Schecks gilt die Zahlung erst dann als erfolgt, wenn der Betrag bei Karlhofer endg\u00fcltig gutgeschrieben ist.<br \/>\n3.) Ger\u00e4t der K\u00e4ufer in Verzug, so ist Karlhofer berechtigt, von dem betreffenden Zeitpunkt ab Zinsen in H\u00f6he des von den Gesch\u00e4ftsbanken berechneten Zinssatzes f\u00fcr offene Kontokorrentkredite, mindestens jedoch in H\u00f6he von 3% \u00fcber dem jeweiligen Diskontsatz der Deutschen Bundesbank zuz\u00fcglich der gesetzlichen Umsatzsteuer zu berechnen.<br \/>\n4.) Der K\u00e4ufer ist zur Aufrechnung, Zur\u00fcckbehaltung oder Minderung, auch wenn M\u00e4ngelr\u00fcgen oder Gegenanspr\u00fcche geltend gemacht werden, nur berechtigt, wenn der Verk\u00e4ufer ausdr\u00fccklich schriftlich zugestimmt hat oder wenn die Gegenanspr\u00fcche rechtskr\u00e4ftig festgestellt worden sind.<\/p>\n<p><strong>8. Preise<\/strong><\/p>\n<p>1.) Die Preise verstehen sich in EURO inkl. MwSt. Alle Angebote beinhalten die jeweils g\u00fcltige Mehrwertsteuer. Die Lieferung erfolgt unfrei. Preisangaben in Angeboten und Auftragsbest\u00e4tigungen Karlhofer erfolgen stets freibleibend: ma\u00dfgebend sind die am Tage der Lieferung jeweils g\u00fcltigen Preise. Voranschl\u00e4ge f\u00fcr Instandsetzungs- und Einbauarbeiten werden so genau wie m\u00f6glich aufgestellt, sind aber unverbindlich.<\/p>\n<p>2.) Die Preise mit 0,00 \u20ac sind Artikel die auf Anfrage hergestellt und mit Preisangebot zugesendet werden. Es gibt keine Artikel die 0,00\u20ac kosten. So wie auch Versandkosten mit 0,00 gibt es nicht. Versandkosten werden nach Bestellung berechnet und an der Auftragsbest\u00e4tigung zugef\u00fcgt. Erst dann ist die Bestellung abgeschossen.<\/p>\n<p>3.) Ma\u00dfgebend sind die in der Auftragsbest\u00e4tigung von Karlhofer genannten Preise. Zus\u00e4tzliche Lieferungen und Leistungen werden gesondert berechnet.<\/p>\n<p>4.) Soweit zwischen Vertragsabschluss und vereinbartem und\/oder tats\u00e4chlichem Lieferdatum mehr als 6 Monate liegen, gelten die zur Zeit der Lieferung bzw. Bereitstellung g\u00fcltigen Preise von Karlhofer.<\/p>\n<p><strong>9. Konstruktions\u00e4nderungen<\/strong><br \/>\nDer Verk\u00e4ufer beh\u00e4lt sich das Recht vor, jederzeit Konstruktions\u00e4nderungen vorzunehmen; er ist jedoch nicht verpflichtet, derartige \u00c4nderungen auch an bereits ausgelieferten Produkten vorzunehmen.<\/p>\n<p><strong>10. Haftungsbeschr\u00e4nkung<\/strong><br \/>\nSchadensersatzanspr\u00fcche aus Unm\u00f6glichkeit der Leistung, aus positiver Forderungsverletzung, aus Verschulden bei Vertragsschluss oder aus unerlaubter Handlung sind sowohl gegen Karlhofer als auch gegen dessen Erf\u00fcllungs- bzw. Verrichtungsgehilfen ausgeschlossen, soweit nicht vors\u00e4tzliches oder grob fahrl\u00e4ssiges Handeln vorliegt.<\/p>\n<p><strong>11. R\u00fccksendung<\/strong><br \/>\n<strong>WIDERRUFSBELEHRUNG<\/strong><\/p>\n<p>1.)<strong>Achtung!<\/strong><br \/>\nDie Ware bitte bei Anlieferung sofort auf Sch\u00e4den \u00fcberpr\u00fcfen.<br \/>\nWenn die Kartonage besch\u00e4digt ist, verlangen Sie vom Fahrer eine schriftliche Schadensbest\u00e4tigung und mailen Sie diese bitte sofort an uns.<br \/>\nBei nicht sachgem\u00e4\u00dfer Schadensanzeige ist eine Schadensregulierung nicht m\u00f6glich!<\/p>\n<p>2.) R\u00fccksendungen gelieferter Teile d\u00fcrfen nur nach vorheriger Absprache mit Karlhofer und gegen \u00dcbernahme der Frachtkosten sowie gegen Bezahlung einer Kostenpauschale (f\u00fcr Einlagerung u.a.) in H\u00f6he von 20% des Kaufpreises erfolgen.<\/p>\n<p>3.) Zur\u00fcckgesandte Ware kann vom Verk\u00e4ufer nur in Originalverpackung und einwandfreiem Urzustand akzeptiert werden. Die Ware darf jedoch einer angemessenen Pr\u00fcfung unterzogen werden. Im \u00dcbrigen k\u00f6nnen Sie die Ersatzpflicht vermeiden, indem Sie die Ware nicht in Gebrauch nehmen und alles unterlassen, was deren Wert beeintr\u00e4chtigt. K\u00f6nnen Sie die empfangene Ware ganz oder teilweise nicht oder nur in verschlechtertem Zustand zur\u00fcckgew\u00e4hren, m\u00fcssen Sie uns insoweit ggf. Wertersatz leisten.<\/p>\n<p>4.) Unberechtigte R\u00fccksendungen, R\u00fccksendungen mit nicht vollst\u00e4ndigen Angaben, sowie R\u00fccksendungen wegen nicht eingel\u00f6ster Nachnahme verpflichten den K\u00e4ufer zur \u00dcbernahme von Karlhofer entstandenen Versandkosten.<\/p>\n<p>5.) Teile und Sonderanfertigungen, die speziell f\u00fcr den K\u00e4ufer bestellt bzw. angefertigt wurden, sind von der R\u00fccknahme ausgeschlossen.<\/p>\n<p>6.) Der Widerruf ist zu richten an:<\/p>\n<p>Karlhofer \u2013 Delta Historic GmbH<br \/>\nDr. Niederdorfer Str.24<br \/>\nA-8572 B\u00e4rnbach<br \/>\nTelefon: +43 03142\/63242<br \/>\nE-Mail-Adresse:\u00a0<a href=\"http:\/\/web.archive.org\/web\/20220924202222\/mailto:info@delta-integrale.com\">info@delta-integrale.com<\/a><\/p>\n<p><strong>12. Anwendbares Recht<\/strong><br \/>\n1.) F\u00fcr diese Gesch\u00e4ftsbedingungen und die gesamten Rechtsbeziehungen Karlhofer und dem K\u00e4ufer gilt das Recht der Republik \u00d6sterreich.<br \/>\n2.) Soweit gesetzlich zul\u00e4ssig, ist unser Gesch\u00e4ftssitz Gerichtsstand f\u00fcr alle sich aus dem Vertragsverh\u00e4ltnis unmittelbar oder mittelbar ergebenden Streitigkeiten. Sofern sich aus der Auftragsbest\u00e4tigung nichts anderes ergibt, ist unser Gesch\u00e4ftssitz Erf\u00fcllungsort. Wir sind jedoch berechtigt, den Besteller auch an seinem Wohnsitzgericht zu verklagen.<br \/>\n3.) Sollte eine Bestimmung in diesen Gesch\u00e4ftsbedingungen oder eine Bestimmung im Rahmen sonstiger Vereinbarungen unwirksam sein oder werden, so wird hiervon die Wirksamkeit aller sonstigen Bestimmungen oder Vereinbarungen nicht ber\u00fchrt.<\/p>\n","protected":false},"excerpt":{"rendered":"<p>AGB (Allgemeine Gesch\u00e4ftsbedingungen) der Firma Karlhofer \u2013 Delta Historic GmbH 1. Allgemeines 1.) Die Lieferungen, Leistungen und Angebote von Karlhofer erfolgen ausschlie\u00dflich aufgrund dieser Verkaufs- und Lieferbedingungen. Diese gelten somit auch f\u00fcr alle k\u00fcnftigen Gesch\u00e4ftsbeziehungen, selbst wenn sie nicht nochmals ausdr\u00fccklich vereinbart werden. Sp\u00e4testens mit m\u00fcndlicher oder schriftlicher Auftragserteilung bzw. mit der Entgegennahme der Ware <a href=\"https:\/\/www.delta-historic.com\/de\/agb\/\" class=\"more-link\">&#8230;<span class=\"screen-reader-text\">weiterlesen  AGB<\/span><\/a><\/p>\n","protected":false},"author":3,"featured_media":0,"parent":0,"menu_order":0,"comment_status":"closed","ping_status":"closed","template":"page-plain-text.php","meta":{"_acf_changed":false,"_sitemap_exclude":false,"_sitemap_priority":"","_sitemap_frequency":"","iawp_total_views":6,"footnotes":""},"class_list":["post-761","page","type-page","status-publish","hentry"],"acf":[],"yoast_head":"<!-- This site is optimized with the Yoast SEO plugin v27.2 - https:\/\/yoast.com\/product\/yoast-seo-wordpress\/ -->\n<title>AGB - Karlhofer \u2013 Delta Historic GmbH<\/title>\n<meta name=\"robots\" content=\"noindex, nofollow\" \/>\n<meta property=\"og:locale\" content=\"de_DE\" \/>\n<meta property=\"og:type\" content=\"article\" \/>\n<meta property=\"og:title\" content=\"AGB - Karlhofer \u2013 Delta Historic GmbH\" \/>\n<meta property=\"og:description\" content=\"AGB (Allgemeine Gesch\u00e4ftsbedingungen) der Firma Karlhofer \u2013 Delta Historic GmbH 1. Allgemeines 1.) Die Lieferungen, Leistungen und Angebote von Karlhofer erfolgen ausschlie\u00dflich aufgrund dieser Verkaufs- und Lieferbedingungen. Diese gelten somit auch f\u00fcr alle k\u00fcnftigen Gesch\u00e4ftsbeziehungen, selbst wenn sie nicht nochmals ausdr\u00fccklich vereinbart werden. Sp\u00e4testens mit m\u00fcndlicher oder schriftlicher Auftragserteilung bzw. mit der Entgegennahme der Ware ...weiterlesen AGB\" \/>\n<meta property=\"og:url\" content=\"https:\/\/www.delta-historic.com\/de\/agb\/\" \/>\n<meta property=\"og:site_name\" content=\"Karlhofer \u2013 Delta Historic GmbH\" \/>\n<meta property=\"article:publisher\" content=\"https:\/\/www.facebook.com\/KarlhoferDeltaHistoric\" \/>\n<meta property=\"article:modified_time\" content=\"2025-12-22T09:13:24+00:00\" \/>\n<meta name=\"twitter:card\" content=\"summary_large_image\" \/>\n<meta name=\"twitter:label1\" content=\"Gesch\u00e4tzte Lesezeit\" \/>\n\t<meta name=\"twitter:data1\" content=\"10\u00a0Minuten\" \/>\n<script type=\"application\/ld+json\" class=\"yoast-schema-graph\">{\"@context\":\"https:\/\/schema.org\",\"@graph\":[{\"@type\":\"WebPage\",\"@id\":\"https:\/\/www.delta-historic.com\/de\/agb\/\",\"url\":\"https:\/\/www.delta-historic.com\/de\/agb\/\",\"name\":\"AGB - Karlhofer \u2013 Delta Historic GmbH\",\"isPartOf\":{\"@id\":\"https:\/\/www.delta-historic.com\/de\/#website\"},\"datePublished\":\"2023-03-02T10:18:58+00:00\",\"dateModified\":\"2025-12-22T09:13:24+00:00\",\"breadcrumb\":{\"@id\":\"https:\/\/www.delta-historic.com\/de\/agb\/#breadcrumb\"},\"inLanguage\":\"de\",\"potentialAction\":[{\"@type\":\"ReadAction\",\"target\":[\"https:\/\/www.delta-historic.com\/de\/agb\/\"]}]},{\"@type\":\"BreadcrumbList\",\"@id\":\"https:\/\/www.delta-historic.com\/de\/agb\/#breadcrumb\",\"itemListElement\":[{\"@type\":\"ListItem\",\"position\":1,\"name\":\"Startseite\",\"item\":\"https:\/\/www.delta-historic.com\/de\/\"},{\"@type\":\"ListItem\",\"position\":2,\"name\":\"AGB\"}]},{\"@type\":\"WebSite\",\"@id\":\"https:\/\/www.delta-historic.com\/de\/#website\",\"url\":\"https:\/\/www.delta-historic.com\/de\/\",\"name\":\"Karlhofer \u2013 Delta Historic GmbH\",\"description\":\"\",\"publisher\":{\"@id\":\"https:\/\/www.delta-historic.com\/de\/#organization\"},\"potentialAction\":[{\"@type\":\"SearchAction\",\"target\":{\"@type\":\"EntryPoint\",\"urlTemplate\":\"https:\/\/www.delta-historic.com\/de\/?s={search_term_string}\"},\"query-input\":{\"@type\":\"PropertyValueSpecification\",\"valueRequired\":true,\"valueName\":\"search_term_string\"}}],\"inLanguage\":\"de\"},{\"@type\":\"Organization\",\"@id\":\"https:\/\/www.delta-historic.com\/de\/#organization\",\"name\":\"Karlhofer \u2013 Delta Historic GmbH\",\"url\":\"https:\/\/www.delta-historic.com\/de\/\",\"logo\":{\"@type\":\"ImageObject\",\"inLanguage\":\"de\",\"@id\":\"https:\/\/www.delta-historic.com\/de\/#\/schema\/logo\/image\/\",\"url\":\"https:\/\/www.delta-historic.com\/wp-content\/uploads\/2022\/12\/logo.svg\",\"contentUrl\":\"https:\/\/www.delta-historic.com\/wp-content\/uploads\/2022\/12\/logo.svg\",\"width\":369,\"height\":141,\"caption\":\"Karlhofer \u2013 Delta Historic GmbH\"},\"image\":{\"@id\":\"https:\/\/www.delta-historic.com\/de\/#\/schema\/logo\/image\/\"},\"sameAs\":[\"https:\/\/www.facebook.com\/KarlhoferDeltaHistoric\",\"https:\/\/www.instagram.com\/delta_historic\/\",\"https:\/\/www.youtube.com\/@karlhofer-deltaintegrale1540\"]}]}<\/script>\n<!-- \/ Yoast SEO plugin. -->","yoast_head_json":{"title":"AGB - Karlhofer \u2013 Delta Historic GmbH","robots":{"index":"noindex","follow":"nofollow"},"og_locale":"de_DE","og_type":"article","og_title":"AGB - Karlhofer \u2013 Delta Historic GmbH","og_description":"AGB (Allgemeine Gesch\u00e4ftsbedingungen) der Firma Karlhofer \u2013 Delta Historic GmbH 1. Allgemeines 1.) Die Lieferungen, Leistungen und Angebote von Karlhofer erfolgen ausschlie\u00dflich aufgrund dieser Verkaufs- und Lieferbedingungen. Diese gelten somit auch f\u00fcr alle k\u00fcnftigen Gesch\u00e4ftsbeziehungen, selbst wenn sie nicht nochmals ausdr\u00fccklich vereinbart werden. Sp\u00e4testens mit m\u00fcndlicher oder schriftlicher Auftragserteilung bzw. mit der Entgegennahme der Ware ...weiterlesen AGB","og_url":"https:\/\/www.delta-historic.com\/de\/agb\/","og_site_name":"Karlhofer \u2013 Delta Historic GmbH","article_publisher":"https:\/\/www.facebook.com\/KarlhoferDeltaHistoric","article_modified_time":"2025-12-22T09:13:24+00:00","twitter_card":"summary_large_image","twitter_misc":{"Gesch\u00e4tzte Lesezeit":"10\u00a0Minuten"},"schema":{"@context":"https:\/\/schema.org","@graph":[{"@type":"WebPage","@id":"https:\/\/www.delta-historic.com\/de\/agb\/","url":"https:\/\/www.delta-historic.com\/de\/agb\/","name":"AGB - Karlhofer \u2013 Delta Historic GmbH","isPartOf":{"@id":"https:\/\/www.delta-historic.com\/de\/#website"},"datePublished":"2023-03-02T10:18:58+00:00","dateModified":"2025-12-22T09:13:24+00:00","breadcrumb":{"@id":"https:\/\/www.delta-historic.com\/de\/agb\/#breadcrumb"},"inLanguage":"de","potentialAction":[{"@type":"ReadAction","target":["https:\/\/www.delta-historic.com\/de\/agb\/"]}]},{"@type":"BreadcrumbList","@id":"https:\/\/www.delta-historic.com\/de\/agb\/#breadcrumb","itemListElement":[{"@type":"ListItem","position":1,"name":"Startseite","item":"https:\/\/www.delta-historic.com\/de\/"},{"@type":"ListItem","position":2,"name":"AGB"}]},{"@type":"WebSite","@id":"https:\/\/www.delta-historic.com\/de\/#website","url":"https:\/\/www.delta-historic.com\/de\/","name":"Karlhofer \u2013 Delta Historic GmbH","description":"","publisher":{"@id":"https:\/\/www.delta-historic.com\/de\/#organization"},"potentialAction":[{"@type":"SearchAction","target":{"@type":"EntryPoint","urlTemplate":"https:\/\/www.delta-historic.com\/de\/?s={search_term_string}"},"query-input":{"@type":"PropertyValueSpecification","valueRequired":true,"valueName":"search_term_string"}}],"inLanguage":"de"},{"@type":"Organization","@id":"https:\/\/www.delta-historic.com\/de\/#organization","name":"Karlhofer \u2013 Delta Historic GmbH","url":"https:\/\/www.delta-historic.com\/de\/","logo":{"@type":"ImageObject","inLanguage":"de","@id":"https:\/\/www.delta-historic.com\/de\/#\/schema\/logo\/image\/","url":"https:\/\/www.delta-historic.com\/wp-content\/uploads\/2022\/12\/logo.svg","contentUrl":"https:\/\/www.delta-historic.com\/wp-content\/uploads\/2022\/12\/logo.svg","width":369,"height":141,"caption":"Karlhofer \u2013 Delta Historic GmbH"},"image":{"@id":"https:\/\/www.delta-historic.com\/de\/#\/schema\/logo\/image\/"},"sameAs":["https:\/\/www.facebook.com\/KarlhoferDeltaHistoric","https:\/\/www.instagram.com\/delta_historic\/","https:\/\/www.youtube.com\/@karlhofer-deltaintegrale1540"]}]}},"_links":{"self":[{"href":"https:\/\/www.delta-historic.com\/de\/wp-json\/wp\/v2\/pages\/761","targetHints":{"allow":["GET"]}}],"collection":[{"href":"https:\/\/www.delta-historic.com\/de\/wp-json\/wp\/v2\/pages"}],"about":[{"href":"https:\/\/www.delta-historic.com\/de\/wp-json\/wp\/v2\/types\/page"}],"author":[{"embeddable":true,"href":"https:\/\/www.delta-historic.com\/de\/wp-json\/wp\/v2\/users\/3"}],"replies":[{"embeddable":true,"href":"https:\/\/www.delta-historic.com\/de\/wp-json\/wp\/v2\/comments?post=761"}],"version-history":[{"count":18,"href":"https:\/\/www.delta-historic.com\/de\/wp-json\/wp\/v2\/pages\/761\/revisions"}],"predecessor-version":[{"id":4188,"href":"https:\/\/www.delta-historic.com\/de\/wp-json\/wp\/v2\/pages\/761\/revisions\/4188"}],"wp:attachment":[{"href":"https:\/\/www.delta-historic.com\/de\/wp-json\/wp\/v2\/media?parent=761"}],"curies":[{"name":"wp","href":"https:\/\/api.w.org\/{rel}","templated":true}]}}