{"id":1512,"date":"2023-02-28T11:39:10","date_gmt":"2023-02-28T10:39:10","guid":{"rendered":"https:\/\/www.delta-historic.com\/ersatzteile\/17-felgen\/"},"modified":"2025-02-12T09:39:45","modified_gmt":"2025-02-12T08:39:45","slug":"set-8x17-felgen-fuer-evo-5x98","status":"publish","type":"product","link":"https:\/\/www.delta-historic.com\/de\/ersatzteile\/set-8x17-felgen-fuer-evo-5x98\/","title":{"rendered":"Set 8&#215;17&#8243; Felgen f\u00fcr EVO &#8211; 5&#215;98"},"content":{"rendered":"<p>Hochwertige Reproduktion Alu Felgen Satz ( 4 St\u00fcck ) f\u00fcr Lancia Delta Evo \/ 8 x 17 in 5 x98 &#8211; Design Montecarlo. \/ in wei\u00df, silber oder anthrazit &#8211; Passgenau mit ET25 \/Hersteller ist nicht Speedline und es besteht kein Gutachten f\u00fcr diese Felge &#8211; Bei Absenden der Bestellung bitte die Farbe beschreiben<\/p>\n<p>Aufpreis f\u00fcr Schrauben ist 65.-<\/p>\n","protected":false},"excerpt":{"rendered":"<p>Hochwertige Reproduktion Alu Felgen Satz ( 4 St\u00fcck ) f\u00fcr Lancia Delta Evo \/ 8 x 17 in 5 x98 &#8211; Design Montecarlo. \/ in wei\u00df, silber oder anthrazit &#8211; Passgenau mit ET25 \/Hersteller ist nicht Speedline und es besteht kein Gutachten f\u00fcr diese Felge &#8211; Bei Absenden der Bestellung bitte die Farbe beschreiben Aufpreis <a href=\"https:\/\/www.delta-historic.com\/de\/ersatzteile\/set-8x17-felgen-fuer-evo-5x98\/\" class=\"more-link\">&#8230;<span class=\"screen-reader-text\">weiterlesen  Set 8&#215;17&#8243; Felgen f\u00fcr EVO &#8211; 5&#215;98<\/span><\/a><\/p>\n","protected":false},"featured_media":1242,"template":"","meta":{"_acf_changed":false,"_sitemap_exclude":false,"_sitemap_priority":"","_sitemap_frequency":"","iawp_total_views":45},"product_brand":[],"product_cat":[55,60],"product_tag":[],"class_list":{"0":"post-1512","1":"product","2":"type-product","3":"status-publish","4":"has-post-thumbnail","6":"product_cat-alle","7":"product_cat-exterieur","9":"first","10":"instock","11":"taxable","12":"shipping-taxable","13":"purchasable","14":"product-type-simple"},"acf":[],"yoast_head":"<!-- This site is optimized with the Yoast SEO plugin v27.2 - https:\/\/yoast.com\/product\/yoast-seo-wordpress\/ -->\n<title>Set 8x17&quot; Felgen f\u00fcr EVO - 5x98 - Karlhofer \u2013 Delta Historic GmbH<\/title>\n<meta name=\"robots\" content=\"noindex, follow\" \/>\n<meta property=\"og:locale\" content=\"de_DE\" \/>\n<meta property=\"og:type\" content=\"article\" \/>\n<meta property=\"og:title\" content=\"Set 8x17&quot; Felgen f\u00fcr EVO - 5x98 - Karlhofer \u2013 Delta Historic GmbH\" \/>\n<meta property=\"og:description\" content=\"Hochwertige Reproduktion Alu Felgen Satz ( 4 St\u00fcck ) f\u00fcr Lancia Delta Evo \/ 8 x 17 in 5 x98 &#8211; Design Montecarlo. \/ in wei\u00df, silber oder anthrazit &#8211; Passgenau mit ET25 \/Hersteller ist nicht Speedline und es besteht kein Gutachten f\u00fcr diese Felge &#8211; Bei Absenden der Bestellung bitte die Farbe beschreiben Aufpreis ...weiterlesen Set 8&#215;17&#8243; Felgen f\u00fcr EVO &#8211; 5&#215;98\" \/>\n<meta property=\"og:url\" content=\"https:\/\/www.delta-historic.com\/de\/ersatzteile\/set-8x17-felgen-fuer-evo-5x98\/\" \/>\n<meta property=\"og:site_name\" content=\"Karlhofer \u2013 Delta Historic GmbH\" \/>\n<meta property=\"article:publisher\" content=\"https:\/\/www.facebook.com\/KarlhoferDeltaHistoric\" \/>\n<meta property=\"article:modified_time\" content=\"2025-02-12T08:39:45+00:00\" \/>\n<meta property=\"og:image\" content=\"https:\/\/www.delta-historic.com\/wp-content\/uploads\/2023\/02\/17_zoll_felgen-1024x802.png\" \/>\n\t<meta property=\"og:image:width\" content=\"1024\" \/>\n\t<meta property=\"og:image:height\" content=\"802\" \/>\n\t<meta property=\"og:image:type\" content=\"image\/png\" \/>\n<meta name=\"twitter:card\" content=\"summary_large_image\" \/>\n<meta name=\"twitter:label1\" content=\"Gesch\u00e4tzte Lesezeit\" \/>\n\t<meta name=\"twitter:data1\" content=\"1\u00a0Minute\" \/>\n<script type=\"application\/ld+json\" class=\"yoast-schema-graph\">{\"@context\":\"https:\/\/schema.org\",\"@graph\":[{\"@type\":\"WebPage\",\"@id\":\"https:\/\/www.delta-historic.com\/de\/ersatzteile\/set-8x17-felgen-fuer-evo-5x98\/\",\"url\":\"https:\/\/www.delta-historic.com\/de\/ersatzteile\/set-8x17-felgen-fuer-evo-5x98\/\",\"name\":\"Set 8x17\\\" Felgen f\u00fcr EVO - 5x98 - Karlhofer \u2013 Delta Historic GmbH\",\"isPartOf\":{\"@id\":\"https:\/\/www.delta-historic.com\/de\/#website\"},\"primaryImageOfPage\":{\"@id\":\"https:\/\/www.delta-historic.com\/de\/ersatzteile\/set-8x17-felgen-fuer-evo-5x98\/#primaryimage\"},\"image\":{\"@id\":\"https:\/\/www.delta-historic.com\/de\/ersatzteile\/set-8x17-felgen-fuer-evo-5x98\/#primaryimage\"},\"thumbnailUrl\":\"https:\/\/www.delta-historic.com\/wp-content\/uploads\/2023\/02\/17_zoll_felgen.png\",\"datePublished\":\"2023-02-28T10:39:10+00:00\",\"dateModified\":\"2025-02-12T08:39:45+00:00\",\"breadcrumb\":{\"@id\":\"https:\/\/www.delta-historic.com\/de\/ersatzteile\/set-8x17-felgen-fuer-evo-5x98\/#breadcrumb\"},\"inLanguage\":\"de\",\"potentialAction\":[{\"@type\":\"ReadAction\",\"target\":[\"https:\/\/www.delta-historic.com\/de\/ersatzteile\/set-8x17-felgen-fuer-evo-5x98\/\"]}]},{\"@type\":\"ImageObject\",\"inLanguage\":\"de\",\"@id\":\"https:\/\/www.delta-historic.com\/de\/ersatzteile\/set-8x17-felgen-fuer-evo-5x98\/#primaryimage\",\"url\":\"https:\/\/www.delta-historic.com\/wp-content\/uploads\/2023\/02\/17_zoll_felgen.png\",\"contentUrl\":\"https:\/\/www.delta-historic.com\/wp-content\/uploads\/2023\/02\/17_zoll_felgen.png\",\"width\":2560,\"height\":2006},{\"@type\":\"BreadcrumbList\",\"@id\":\"https:\/\/www.delta-historic.com\/de\/ersatzteile\/set-8x17-felgen-fuer-evo-5x98\/#breadcrumb\",\"itemListElement\":[{\"@type\":\"ListItem\",\"position\":1,\"name\":\"Startseite\",\"item\":\"https:\/\/www.delta-historic.com\/de\/\"},{\"@type\":\"ListItem\",\"position\":2,\"name\":\"Shop\",\"item\":\"https:\/\/www.delta-historic.com\/de\/shop\/\"},{\"@type\":\"ListItem\",\"position\":3,\"name\":\"Set 8&#215;17&#8243; Felgen f\u00fcr EVO &#8211; 5&#215;98\"}]},{\"@type\":\"WebSite\",\"@id\":\"https:\/\/www.delta-historic.com\/de\/#website\",\"url\":\"https:\/\/www.delta-historic.com\/de\/\",\"name\":\"Karlhofer \u2013 Delta Historic GmbH\",\"description\":\"\",\"publisher\":{\"@id\":\"https:\/\/www.delta-historic.com\/de\/#organization\"},\"potentialAction\":[{\"@type\":\"SearchAction\",\"target\":{\"@type\":\"EntryPoint\",\"urlTemplate\":\"https:\/\/www.delta-historic.com\/de\/?s={search_term_string}\"},\"query-input\":{\"@type\":\"PropertyValueSpecification\",\"valueRequired\":true,\"valueName\":\"search_term_string\"}}],\"inLanguage\":\"de\"},{\"@type\":\"Organization\",\"@id\":\"https:\/\/www.delta-historic.com\/de\/#organization\",\"name\":\"Karlhofer \u2013 Delta Historic GmbH\",\"url\":\"https:\/\/www.delta-historic.com\/de\/\",\"logo\":{\"@type\":\"ImageObject\",\"inLanguage\":\"de\",\"@id\":\"https:\/\/www.delta-historic.com\/de\/#\/schema\/logo\/image\/\",\"url\":\"https:\/\/www.delta-historic.com\/wp-content\/uploads\/2022\/12\/logo.svg\",\"contentUrl\":\"https:\/\/www.delta-historic.com\/wp-content\/uploads\/2022\/12\/logo.svg\",\"width\":369,\"height\":141,\"caption\":\"Karlhofer \u2013 Delta Historic GmbH\"},\"image\":{\"@id\":\"https:\/\/www.delta-historic.com\/de\/#\/schema\/logo\/image\/\"},\"sameAs\":[\"https:\/\/www.facebook.com\/KarlhoferDeltaHistoric\",\"https:\/\/www.instagram.com\/delta_historic\/\",\"https:\/\/www.youtube.com\/@karlhofer-deltaintegrale1540\"]}]}<\/script>\n<!-- \/ Yoast SEO plugin. -->","yoast_head_json":{"title":"Set 8x17\" Felgen f\u00fcr EVO - 5x98 - Karlhofer \u2013 Delta Historic GmbH","robots":{"index":"noindex","follow":"follow"},"og_locale":"de_DE","og_type":"article","og_title":"Set 8x17\" Felgen f\u00fcr EVO - 5x98 - Karlhofer \u2013 Delta Historic GmbH","og_description":"Hochwertige Reproduktion Alu Felgen Satz ( 4 St\u00fcck ) f\u00fcr Lancia Delta Evo \/ 8 x 17 in 5 x98 &#8211; Design Montecarlo. \/ in wei\u00df, silber oder anthrazit &#8211; Passgenau mit ET25 \/Hersteller ist nicht Speedline und es besteht kein Gutachten f\u00fcr diese Felge &#8211; Bei Absenden der Bestellung bitte die Farbe beschreiben Aufpreis ...weiterlesen Set 8&#215;17&#8243; Felgen f\u00fcr EVO &#8211; 5&#215;98","og_url":"https:\/\/www.delta-historic.com\/de\/ersatzteile\/set-8x17-felgen-fuer-evo-5x98\/","og_site_name":"Karlhofer \u2013 Delta Historic GmbH","article_publisher":"https:\/\/www.facebook.com\/KarlhoferDeltaHistoric","article_modified_time":"2025-02-12T08:39:45+00:00","og_image":[{"width":1024,"height":802,"url":"https:\/\/www.delta-historic.com\/wp-content\/uploads\/2023\/02\/17_zoll_felgen-1024x802.png","type":"image\/png"}],"twitter_card":"summary_large_image","twitter_misc":{"Gesch\u00e4tzte Lesezeit":"1\u00a0Minute"},"schema":{"@context":"https:\/\/schema.org","@graph":[{"@type":"WebPage","@id":"https:\/\/www.delta-historic.com\/de\/ersatzteile\/set-8x17-felgen-fuer-evo-5x98\/","url":"https:\/\/www.delta-historic.com\/de\/ersatzteile\/set-8x17-felgen-fuer-evo-5x98\/","name":"Set 8x17\" Felgen f\u00fcr EVO - 5x98 - Karlhofer \u2013 Delta Historic GmbH","isPartOf":{"@id":"https:\/\/www.delta-historic.com\/de\/#website"},"primaryImageOfPage":{"@id":"https:\/\/www.delta-historic.com\/de\/ersatzteile\/set-8x17-felgen-fuer-evo-5x98\/#primaryimage"},"image":{"@id":"https:\/\/www.delta-historic.com\/de\/ersatzteile\/set-8x17-felgen-fuer-evo-5x98\/#primaryimage"},"thumbnailUrl":"https:\/\/www.delta-historic.com\/wp-content\/uploads\/2023\/02\/17_zoll_felgen.png","datePublished":"2023-02-28T10:39:10+00:00","dateModified":"2025-02-12T08:39:45+00:00","breadcrumb":{"@id":"https:\/\/www.delta-historic.com\/de\/ersatzteile\/set-8x17-felgen-fuer-evo-5x98\/#breadcrumb"},"inLanguage":"de","potentialAction":[{"@type":"ReadAction","target":["https:\/\/www.delta-historic.com\/de\/ersatzteile\/set-8x17-felgen-fuer-evo-5x98\/"]}]},{"@type":"ImageObject","inLanguage":"de","@id":"https:\/\/www.delta-historic.com\/de\/ersatzteile\/set-8x17-felgen-fuer-evo-5x98\/#primaryimage","url":"https:\/\/www.delta-historic.com\/wp-content\/uploads\/2023\/02\/17_zoll_felgen.png","contentUrl":"https:\/\/www.delta-historic.com\/wp-content\/uploads\/2023\/02\/17_zoll_felgen.png","width":2560,"height":2006},{"@type":"BreadcrumbList","@id":"https:\/\/www.delta-historic.com\/de\/ersatzteile\/set-8x17-felgen-fuer-evo-5x98\/#breadcrumb","itemListElement":[{"@type":"ListItem","position":1,"name":"Startseite","item":"https:\/\/www.delta-historic.com\/de\/"},{"@type":"ListItem","position":2,"name":"Shop","item":"https:\/\/www.delta-historic.com\/de\/shop\/"},{"@type":"ListItem","position":3,"name":"Set 8&#215;17&#8243; Felgen f\u00fcr EVO &#8211; 5&#215;98"}]},{"@type":"WebSite","@id":"https:\/\/www.delta-historic.com\/de\/#website","url":"https:\/\/www.delta-historic.com\/de\/","name":"Karlhofer \u2013 Delta Historic GmbH","description":"","publisher":{"@id":"https:\/\/www.delta-historic.com\/de\/#organization"},"potentialAction":[{"@type":"SearchAction","target":{"@type":"EntryPoint","urlTemplate":"https:\/\/www.delta-historic.com\/de\/?s={search_term_string}"},"query-input":{"@type":"PropertyValueSpecification","valueRequired":true,"valueName":"search_term_string"}}],"inLanguage":"de"},{"@type":"Organization","@id":"https:\/\/www.delta-historic.com\/de\/#organization","name":"Karlhofer \u2013 Delta Historic GmbH","url":"https:\/\/www.delta-historic.com\/de\/","logo":{"@type":"ImageObject","inLanguage":"de","@id":"https:\/\/www.delta-historic.com\/de\/#\/schema\/logo\/image\/","url":"https:\/\/www.delta-historic.com\/wp-content\/uploads\/2022\/12\/logo.svg","contentUrl":"https:\/\/www.delta-historic.com\/wp-content\/uploads\/2022\/12\/logo.svg","width":369,"height":141,"caption":"Karlhofer \u2013 Delta Historic GmbH"},"image":{"@id":"https:\/\/www.delta-historic.com\/de\/#\/schema\/logo\/image\/"},"sameAs":["https:\/\/www.facebook.com\/KarlhoferDeltaHistoric","https:\/\/www.instagram.com\/delta_historic\/","https:\/\/www.youtube.com\/@karlhofer-deltaintegrale1540"]}]}},"_links":{"self":[{"href":"https:\/\/www.delta-historic.com\/de\/wp-json\/wp\/v2\/product\/1512","targetHints":{"allow":["GET"]}}],"collection":[{"href":"https:\/\/www.delta-historic.com\/de\/wp-json\/wp\/v2\/product"}],"about":[{"href":"https:\/\/www.delta-historic.com\/de\/wp-json\/wp\/v2\/types\/product"}],"wp:featuredmedia":[{"embeddable":true,"href":"https:\/\/www.delta-historic.com\/de\/wp-json\/wp\/v2\/media\/1242"}],"wp:attachment":[{"href":"https:\/\/www.delta-historic.com\/de\/wp-json\/wp\/v2\/media?parent=1512"}],"wp:term":[{"taxonomy":"product_brand","embeddable":true,"href":"https:\/\/www.delta-historic.com\/de\/wp-json\/wp\/v2\/product_brand?post=1512"},{"taxonomy":"product_cat","embeddable":true,"href":"https:\/\/www.delta-historic.com\/de\/wp-json\/wp\/v2\/product_cat?post=1512"},{"taxonomy":"product_tag","embeddable":true,"href":"https:\/\/www.delta-historic.com\/de\/wp-json\/wp\/v2\/product_tag?post=1512"}],"curies":[{"name":"wp","href":"https:\/\/api.w.org\/{rel}","templated":true}]}}