{"id":1562,"date":"2023-02-28T11:39:14","date_gmt":"2023-02-28T10:39:14","guid":{"rendered":"https:\/\/www.delta-historic.com\/ersatzteile\/kabelfuehrung-batterie\/"},"modified":"2024-02-26T09:14:42","modified_gmt":"2024-02-26T08:14:42","slug":"kabelfuehrung-batterie","status":"publish","type":"product","link":"https:\/\/www.delta-historic.com\/de\/ersatzteile\/kabelfuehrung-batterie\/","title":{"rendered":"Kabelf\u00fchrung Batterie +Pol"},"content":{"rendered":"<p>originale Kabelf\u00fchrung f\u00fcr +Pol Kabel &#8211; f\u00fcr alle Integrale und EVO<\/p>\n<p>Neu und Kunststoff &#8211; kein 3D Druck<\/p>\n","protected":false},"excerpt":{"rendered":"<p>originale Kabelf\u00fchrung f\u00fcr +Pol Kabel &#8211; f\u00fcr alle Integrale und EVO Neu und Kunststoff &#8211; kein 3D Druck<\/p>\n","protected":false},"featured_media":1269,"template":"","meta":{"_acf_changed":false,"_sitemap_exclude":false,"_sitemap_priority":"","_sitemap_frequency":"","iawp_total_views":1},"product_brand":[],"product_cat":[55,56,57],"product_tag":[],"class_list":{"0":"post-1562","1":"product","2":"type-product","3":"status-publish","4":"has-post-thumbnail","6":"product_cat-alle","7":"product_cat-accessoires","8":"product_cat-technik","10":"first","11":"instock","12":"taxable","13":"shipping-taxable","14":"purchasable","15":"product-type-simple"},"acf":[],"yoast_head":"<!-- This site is optimized with the Yoast SEO plugin v27.2 - https:\/\/yoast.com\/product\/yoast-seo-wordpress\/ -->\n<title>Kabelf\u00fchrung Batterie +Pol - Karlhofer \u2013 Delta Historic GmbH<\/title>\n<meta name=\"robots\" content=\"noindex, follow\" \/>\n<meta property=\"og:locale\" content=\"de_DE\" \/>\n<meta property=\"og:type\" content=\"article\" \/>\n<meta property=\"og:title\" content=\"Kabelf\u00fchrung Batterie +Pol - Karlhofer \u2013 Delta Historic GmbH\" \/>\n<meta property=\"og:description\" content=\"originale Kabelf\u00fchrung f\u00fcr +Pol Kabel &#8211; f\u00fcr alle Integrale und EVO Neu und Kunststoff &#8211; kein 3D Druck\" \/>\n<meta property=\"og:url\" content=\"https:\/\/www.delta-historic.com\/de\/ersatzteile\/kabelfuehrung-batterie\/\" \/>\n<meta property=\"og:site_name\" content=\"Karlhofer \u2013 Delta Historic GmbH\" \/>\n<meta property=\"article:publisher\" content=\"https:\/\/www.facebook.com\/KarlhoferDeltaHistoric\" \/>\n<meta property=\"article:modified_time\" content=\"2024-02-26T08:14:42+00:00\" \/>\n<meta property=\"og:image\" content=\"https:\/\/www.delta-historic.com\/wp-content\/uploads\/2023\/02\/Kabelfuehrung_Batterie.png\" \/>\n\t<meta property=\"og:image:width\" content=\"2560\" \/>\n\t<meta property=\"og:image:height\" content=\"2006\" \/>\n\t<meta property=\"og:image:type\" content=\"image\/png\" \/>\n<meta name=\"twitter:card\" content=\"summary_large_image\" \/>\n<script type=\"application\/ld+json\" class=\"yoast-schema-graph\">{\"@context\":\"https:\/\/schema.org\",\"@graph\":[{\"@type\":\"WebPage\",\"@id\":\"https:\/\/www.delta-historic.com\/de\/ersatzteile\/kabelfuehrung-batterie\/\",\"url\":\"https:\/\/www.delta-historic.com\/de\/ersatzteile\/kabelfuehrung-batterie\/\",\"name\":\"Kabelf\u00fchrung Batterie +Pol - Karlhofer \u2013 Delta Historic GmbH\",\"isPartOf\":{\"@id\":\"https:\/\/www.delta-historic.com\/de\/#website\"},\"primaryImageOfPage\":{\"@id\":\"https:\/\/www.delta-historic.com\/de\/ersatzteile\/kabelfuehrung-batterie\/#primaryimage\"},\"image\":{\"@id\":\"https:\/\/www.delta-historic.com\/de\/ersatzteile\/kabelfuehrung-batterie\/#primaryimage\"},\"thumbnailUrl\":\"https:\/\/www.delta-historic.com\/wp-content\/uploads\/2023\/02\/Kabelfuehrung_Batterie.png\",\"datePublished\":\"2023-02-28T10:39:14+00:00\",\"dateModified\":\"2024-02-26T08:14:42+00:00\",\"breadcrumb\":{\"@id\":\"https:\/\/www.delta-historic.com\/de\/ersatzteile\/kabelfuehrung-batterie\/#breadcrumb\"},\"inLanguage\":\"de\",\"potentialAction\":[{\"@type\":\"ReadAction\",\"target\":[\"https:\/\/www.delta-historic.com\/de\/ersatzteile\/kabelfuehrung-batterie\/\"]}]},{\"@type\":\"ImageObject\",\"inLanguage\":\"de\",\"@id\":\"https:\/\/www.delta-historic.com\/de\/ersatzteile\/kabelfuehrung-batterie\/#primaryimage\",\"url\":\"https:\/\/www.delta-historic.com\/wp-content\/uploads\/2023\/02\/Kabelfuehrung_Batterie.png\",\"contentUrl\":\"https:\/\/www.delta-historic.com\/wp-content\/uploads\/2023\/02\/Kabelfuehrung_Batterie.png\",\"width\":2560,\"height\":2006},{\"@type\":\"BreadcrumbList\",\"@id\":\"https:\/\/www.delta-historic.com\/de\/ersatzteile\/kabelfuehrung-batterie\/#breadcrumb\",\"itemListElement\":[{\"@type\":\"ListItem\",\"position\":1,\"name\":\"Startseite\",\"item\":\"https:\/\/www.delta-historic.com\/de\/\"},{\"@type\":\"ListItem\",\"position\":2,\"name\":\"Shop\",\"item\":\"https:\/\/www.delta-historic.com\/de\/shop\/\"},{\"@type\":\"ListItem\",\"position\":3,\"name\":\"Kabelf\u00fchrung Batterie +Pol\"}]},{\"@type\":\"WebSite\",\"@id\":\"https:\/\/www.delta-historic.com\/de\/#website\",\"url\":\"https:\/\/www.delta-historic.com\/de\/\",\"name\":\"Karlhofer \u2013 Delta Historic GmbH\",\"description\":\"\",\"publisher\":{\"@id\":\"https:\/\/www.delta-historic.com\/de\/#organization\"},\"potentialAction\":[{\"@type\":\"SearchAction\",\"target\":{\"@type\":\"EntryPoint\",\"urlTemplate\":\"https:\/\/www.delta-historic.com\/de\/?s={search_term_string}\"},\"query-input\":{\"@type\":\"PropertyValueSpecification\",\"valueRequired\":true,\"valueName\":\"search_term_string\"}}],\"inLanguage\":\"de\"},{\"@type\":\"Organization\",\"@id\":\"https:\/\/www.delta-historic.com\/de\/#organization\",\"name\":\"Karlhofer \u2013 Delta Historic GmbH\",\"url\":\"https:\/\/www.delta-historic.com\/de\/\",\"logo\":{\"@type\":\"ImageObject\",\"inLanguage\":\"de\",\"@id\":\"https:\/\/www.delta-historic.com\/de\/#\/schema\/logo\/image\/\",\"url\":\"https:\/\/www.delta-historic.com\/wp-content\/uploads\/2022\/12\/logo.svg\",\"contentUrl\":\"https:\/\/www.delta-historic.com\/wp-content\/uploads\/2022\/12\/logo.svg\",\"width\":369,\"height\":141,\"caption\":\"Karlhofer \u2013 Delta Historic GmbH\"},\"image\":{\"@id\":\"https:\/\/www.delta-historic.com\/de\/#\/schema\/logo\/image\/\"},\"sameAs\":[\"https:\/\/www.facebook.com\/KarlhoferDeltaHistoric\",\"https:\/\/www.instagram.com\/delta_historic\/\",\"https:\/\/www.youtube.com\/@karlhofer-deltaintegrale1540\"]}]}<\/script>\n<!-- \/ Yoast SEO plugin. -->","yoast_head_json":{"title":"Kabelf\u00fchrung Batterie +Pol - Karlhofer \u2013 Delta Historic GmbH","robots":{"index":"noindex","follow":"follow"},"og_locale":"de_DE","og_type":"article","og_title":"Kabelf\u00fchrung Batterie +Pol - Karlhofer \u2013 Delta Historic GmbH","og_description":"originale Kabelf\u00fchrung f\u00fcr +Pol Kabel &#8211; f\u00fcr alle Integrale und EVO Neu und Kunststoff &#8211; kein 3D Druck","og_url":"https:\/\/www.delta-historic.com\/de\/ersatzteile\/kabelfuehrung-batterie\/","og_site_name":"Karlhofer \u2013 Delta Historic GmbH","article_publisher":"https:\/\/www.facebook.com\/KarlhoferDeltaHistoric","article_modified_time":"2024-02-26T08:14:42+00:00","og_image":[{"width":2560,"height":2006,"url":"https:\/\/www.delta-historic.com\/wp-content\/uploads\/2023\/02\/Kabelfuehrung_Batterie.png","type":"image\/png"}],"twitter_card":"summary_large_image","schema":{"@context":"https:\/\/schema.org","@graph":[{"@type":"WebPage","@id":"https:\/\/www.delta-historic.com\/de\/ersatzteile\/kabelfuehrung-batterie\/","url":"https:\/\/www.delta-historic.com\/de\/ersatzteile\/kabelfuehrung-batterie\/","name":"Kabelf\u00fchrung Batterie +Pol - Karlhofer \u2013 Delta Historic GmbH","isPartOf":{"@id":"https:\/\/www.delta-historic.com\/de\/#website"},"primaryImageOfPage":{"@id":"https:\/\/www.delta-historic.com\/de\/ersatzteile\/kabelfuehrung-batterie\/#primaryimage"},"image":{"@id":"https:\/\/www.delta-historic.com\/de\/ersatzteile\/kabelfuehrung-batterie\/#primaryimage"},"thumbnailUrl":"https:\/\/www.delta-historic.com\/wp-content\/uploads\/2023\/02\/Kabelfuehrung_Batterie.png","datePublished":"2023-02-28T10:39:14+00:00","dateModified":"2024-02-26T08:14:42+00:00","breadcrumb":{"@id":"https:\/\/www.delta-historic.com\/de\/ersatzteile\/kabelfuehrung-batterie\/#breadcrumb"},"inLanguage":"de","potentialAction":[{"@type":"ReadAction","target":["https:\/\/www.delta-historic.com\/de\/ersatzteile\/kabelfuehrung-batterie\/"]}]},{"@type":"ImageObject","inLanguage":"de","@id":"https:\/\/www.delta-historic.com\/de\/ersatzteile\/kabelfuehrung-batterie\/#primaryimage","url":"https:\/\/www.delta-historic.com\/wp-content\/uploads\/2023\/02\/Kabelfuehrung_Batterie.png","contentUrl":"https:\/\/www.delta-historic.com\/wp-content\/uploads\/2023\/02\/Kabelfuehrung_Batterie.png","width":2560,"height":2006},{"@type":"BreadcrumbList","@id":"https:\/\/www.delta-historic.com\/de\/ersatzteile\/kabelfuehrung-batterie\/#breadcrumb","itemListElement":[{"@type":"ListItem","position":1,"name":"Startseite","item":"https:\/\/www.delta-historic.com\/de\/"},{"@type":"ListItem","position":2,"name":"Shop","item":"https:\/\/www.delta-historic.com\/de\/shop\/"},{"@type":"ListItem","position":3,"name":"Kabelf\u00fchrung Batterie +Pol"}]},{"@type":"WebSite","@id":"https:\/\/www.delta-historic.com\/de\/#website","url":"https:\/\/www.delta-historic.com\/de\/","name":"Karlhofer \u2013 Delta Historic GmbH","description":"","publisher":{"@id":"https:\/\/www.delta-historic.com\/de\/#organization"},"potentialAction":[{"@type":"SearchAction","target":{"@type":"EntryPoint","urlTemplate":"https:\/\/www.delta-historic.com\/de\/?s={search_term_string}"},"query-input":{"@type":"PropertyValueSpecification","valueRequired":true,"valueName":"search_term_string"}}],"inLanguage":"de"},{"@type":"Organization","@id":"https:\/\/www.delta-historic.com\/de\/#organization","name":"Karlhofer \u2013 Delta Historic GmbH","url":"https:\/\/www.delta-historic.com\/de\/","logo":{"@type":"ImageObject","inLanguage":"de","@id":"https:\/\/www.delta-historic.com\/de\/#\/schema\/logo\/image\/","url":"https:\/\/www.delta-historic.com\/wp-content\/uploads\/2022\/12\/logo.svg","contentUrl":"https:\/\/www.delta-historic.com\/wp-content\/uploads\/2022\/12\/logo.svg","width":369,"height":141,"caption":"Karlhofer \u2013 Delta Historic GmbH"},"image":{"@id":"https:\/\/www.delta-historic.com\/de\/#\/schema\/logo\/image\/"},"sameAs":["https:\/\/www.facebook.com\/KarlhoferDeltaHistoric","https:\/\/www.instagram.com\/delta_historic\/","https:\/\/www.youtube.com\/@karlhofer-deltaintegrale1540"]}]}},"_links":{"self":[{"href":"https:\/\/www.delta-historic.com\/de\/wp-json\/wp\/v2\/product\/1562","targetHints":{"allow":["GET"]}}],"collection":[{"href":"https:\/\/www.delta-historic.com\/de\/wp-json\/wp\/v2\/product"}],"about":[{"href":"https:\/\/www.delta-historic.com\/de\/wp-json\/wp\/v2\/types\/product"}],"wp:featuredmedia":[{"embeddable":true,"href":"https:\/\/www.delta-historic.com\/de\/wp-json\/wp\/v2\/media\/1269"}],"wp:attachment":[{"href":"https:\/\/www.delta-historic.com\/de\/wp-json\/wp\/v2\/media?parent=1562"}],"wp:term":[{"taxonomy":"product_brand","embeddable":true,"href":"https:\/\/www.delta-historic.com\/de\/wp-json\/wp\/v2\/product_brand?post=1562"},{"taxonomy":"product_cat","embeddable":true,"href":"https:\/\/www.delta-historic.com\/de\/wp-json\/wp\/v2\/product_cat?post=1562"},{"taxonomy":"product_tag","embeddable":true,"href":"https:\/\/www.delta-historic.com\/de\/wp-json\/wp\/v2\/product_tag?post=1562"}],"curies":[{"name":"wp","href":"https:\/\/api.w.org\/{rel}","templated":true}]}}