{"id":3960,"date":"2024-03-19T18:53:59","date_gmt":"2024-03-19T17:53:59","guid":{"rendered":"https:\/\/www.delta-historic.com\/?post_type=product&#038;p=3960"},"modified":"2024-03-19T19:07:01","modified_gmt":"2024-03-19T18:07:01","slug":"sportbremsanlage","status":"publish","type":"product","link":"https:\/\/www.delta-historic.com\/de\/ersatzteile\/sportbremsanlage\/","title":{"rendered":"Sportbremsanlage Tarox 325mm \/17&#8243;"},"content":{"rendered":"<p>Komplette Sportbremsanlage von Tarox inkl. 6 Kolben Bremszangen, Topfscheiben, Sportbremskl\u00f6tze, Adapter, Schrauben und Bremsleitungen<\/p>\n<p>f\u00fcr eine sofortige Montage ohne Anpassungsarbeiten! f\u00fcr Vorderachse<\/p>\n<p>hochwertige Motorsportqualit\u00e4t mit Durchmesser 325mm f\u00fcr 17&#8243;<\/p>\n<p>bestellbar f\u00fcr EVO oder Integrale<\/p>\n<p>&nbsp;<\/p>\n<p>&nbsp;<\/p>\n<h1 class=\"product_title entry-title\"><\/h1>\n","protected":false},"excerpt":{"rendered":"<p>Komplette Sportbremsanlage von Tarox inkl. 6 Kolben Bremszangen, Topfscheiben, Sportbremskl\u00f6tze, Adapter, Schrauben und Bremsleitungen f\u00fcr eine sofortige Montage ohne Anpassungsarbeiten! f\u00fcr Vorderachse hochwertige Motorsportqualit\u00e4t mit Durchmesser 325mm f\u00fcr 17&#8243; bestellbar f\u00fcr EVO oder Integrale &nbsp; &nbsp;<\/p>\n","protected":false},"featured_media":3954,"template":"","meta":{"_acf_changed":false,"_sitemap_exclude":false,"_sitemap_priority":"","_sitemap_frequency":"","iawp_total_views":5},"product_brand":[],"product_cat":[55,57,70],"product_tag":[],"class_list":{"0":"post-3960","1":"product","2":"type-product","3":"status-publish","4":"has-post-thumbnail","6":"product_cat-alle","7":"product_cat-technik","8":"product_cat-motorsport-gr-a","10":"first","11":"instock","12":"taxable","13":"shipping-taxable","14":"purchasable","15":"product-type-simple"},"acf":[],"yoast_head":"<!-- This site is optimized with the Yoast SEO plugin v27.2 - https:\/\/yoast.com\/product\/yoast-seo-wordpress\/ -->\n<title>Sportbremsanlage Tarox 325mm \/17&quot; - Karlhofer \u2013 Delta Historic GmbH<\/title>\n<meta name=\"robots\" content=\"noindex, follow\" \/>\n<meta property=\"og:locale\" content=\"de_DE\" \/>\n<meta property=\"og:type\" content=\"article\" \/>\n<meta property=\"og:title\" content=\"Sportbremsanlage Tarox 325mm \/17&quot; - Karlhofer \u2013 Delta Historic GmbH\" \/>\n<meta property=\"og:description\" content=\"Komplette Sportbremsanlage von Tarox inkl. 6 Kolben Bremszangen, Topfscheiben, Sportbremskl\u00f6tze, Adapter, Schrauben und Bremsleitungen f\u00fcr eine sofortige Montage ohne Anpassungsarbeiten! f\u00fcr Vorderachse hochwertige Motorsportqualit\u00e4t mit Durchmesser 325mm f\u00fcr 17&#8243; bestellbar f\u00fcr EVO oder Integrale &nbsp; &nbsp;\" \/>\n<meta property=\"og:url\" content=\"https:\/\/www.delta-historic.com\/de\/ersatzteile\/sportbremsanlage\/\" \/>\n<meta property=\"og:site_name\" content=\"Karlhofer \u2013 Delta Historic GmbH\" \/>\n<meta property=\"article:publisher\" content=\"https:\/\/www.facebook.com\/KarlhoferDeltaHistoric\" \/>\n<meta property=\"article:modified_time\" content=\"2024-03-19T18:07:01+00:00\" \/>\n<meta property=\"og:image\" content=\"https:\/\/www.delta-historic.com\/wp-content\/uploads\/2024\/03\/DSC02137.jpg\" \/>\n\t<meta property=\"og:image:width\" content=\"2288\" \/>\n\t<meta property=\"og:image:height\" content=\"1520\" \/>\n\t<meta property=\"og:image:type\" content=\"image\/jpeg\" \/>\n<meta name=\"twitter:card\" content=\"summary_large_image\" \/>\n<meta name=\"twitter:label1\" content=\"Gesch\u00e4tzte Lesezeit\" \/>\n\t<meta name=\"twitter:data1\" content=\"1\u00a0Minute\" \/>\n<script type=\"application\/ld+json\" class=\"yoast-schema-graph\">{\"@context\":\"https:\/\/schema.org\",\"@graph\":[{\"@type\":\"WebPage\",\"@id\":\"https:\/\/www.delta-historic.com\/de\/ersatzteile\/sportbremsanlage\/\",\"url\":\"https:\/\/www.delta-historic.com\/de\/ersatzteile\/sportbremsanlage\/\",\"name\":\"Sportbremsanlage Tarox 325mm \/17\\\" - Karlhofer \u2013 Delta Historic GmbH\",\"isPartOf\":{\"@id\":\"https:\/\/www.delta-historic.com\/de\/#website\"},\"primaryImageOfPage\":{\"@id\":\"https:\/\/www.delta-historic.com\/de\/ersatzteile\/sportbremsanlage\/#primaryimage\"},\"image\":{\"@id\":\"https:\/\/www.delta-historic.com\/de\/ersatzteile\/sportbremsanlage\/#primaryimage\"},\"thumbnailUrl\":\"https:\/\/www.delta-historic.com\/wp-content\/uploads\/2024\/03\/DSC02137.jpg\",\"datePublished\":\"2024-03-19T17:53:59+00:00\",\"dateModified\":\"2024-03-19T18:07:01+00:00\",\"breadcrumb\":{\"@id\":\"https:\/\/www.delta-historic.com\/de\/ersatzteile\/sportbremsanlage\/#breadcrumb\"},\"inLanguage\":\"de\",\"potentialAction\":[{\"@type\":\"ReadAction\",\"target\":[\"https:\/\/www.delta-historic.com\/de\/ersatzteile\/sportbremsanlage\/\"]}]},{\"@type\":\"ImageObject\",\"inLanguage\":\"de\",\"@id\":\"https:\/\/www.delta-historic.com\/de\/ersatzteile\/sportbremsanlage\/#primaryimage\",\"url\":\"https:\/\/www.delta-historic.com\/wp-content\/uploads\/2024\/03\/DSC02137.jpg\",\"contentUrl\":\"https:\/\/www.delta-historic.com\/wp-content\/uploads\/2024\/03\/DSC02137.jpg\",\"width\":2288,\"height\":1520,\"caption\":\"Sportbremsanlage\"},{\"@type\":\"BreadcrumbList\",\"@id\":\"https:\/\/www.delta-historic.com\/de\/ersatzteile\/sportbremsanlage\/#breadcrumb\",\"itemListElement\":[{\"@type\":\"ListItem\",\"position\":1,\"name\":\"Startseite\",\"item\":\"https:\/\/www.delta-historic.com\/de\/\"},{\"@type\":\"ListItem\",\"position\":2,\"name\":\"Shop\",\"item\":\"https:\/\/www.delta-historic.com\/de\/shop\/\"},{\"@type\":\"ListItem\",\"position\":3,\"name\":\"Sportbremsanlage Tarox 325mm \/17&#8243;\"}]},{\"@type\":\"WebSite\",\"@id\":\"https:\/\/www.delta-historic.com\/de\/#website\",\"url\":\"https:\/\/www.delta-historic.com\/de\/\",\"name\":\"Karlhofer \u2013 Delta Historic GmbH\",\"description\":\"\",\"publisher\":{\"@id\":\"https:\/\/www.delta-historic.com\/de\/#organization\"},\"potentialAction\":[{\"@type\":\"SearchAction\",\"target\":{\"@type\":\"EntryPoint\",\"urlTemplate\":\"https:\/\/www.delta-historic.com\/de\/?s={search_term_string}\"},\"query-input\":{\"@type\":\"PropertyValueSpecification\",\"valueRequired\":true,\"valueName\":\"search_term_string\"}}],\"inLanguage\":\"de\"},{\"@type\":\"Organization\",\"@id\":\"https:\/\/www.delta-historic.com\/de\/#organization\",\"name\":\"Karlhofer \u2013 Delta Historic GmbH\",\"url\":\"https:\/\/www.delta-historic.com\/de\/\",\"logo\":{\"@type\":\"ImageObject\",\"inLanguage\":\"de\",\"@id\":\"https:\/\/www.delta-historic.com\/de\/#\/schema\/logo\/image\/\",\"url\":\"https:\/\/www.delta-historic.com\/wp-content\/uploads\/2022\/12\/logo.svg\",\"contentUrl\":\"https:\/\/www.delta-historic.com\/wp-content\/uploads\/2022\/12\/logo.svg\",\"width\":369,\"height\":141,\"caption\":\"Karlhofer \u2013 Delta Historic GmbH\"},\"image\":{\"@id\":\"https:\/\/www.delta-historic.com\/de\/#\/schema\/logo\/image\/\"},\"sameAs\":[\"https:\/\/www.facebook.com\/KarlhoferDeltaHistoric\",\"https:\/\/www.instagram.com\/delta_historic\/\",\"https:\/\/www.youtube.com\/@karlhofer-deltaintegrale1540\"]}]}<\/script>\n<!-- \/ Yoast SEO plugin. -->","yoast_head_json":{"title":"Sportbremsanlage Tarox 325mm \/17\" - Karlhofer \u2013 Delta Historic GmbH","robots":{"index":"noindex","follow":"follow"},"og_locale":"de_DE","og_type":"article","og_title":"Sportbremsanlage Tarox 325mm \/17\" - Karlhofer \u2013 Delta Historic GmbH","og_description":"Komplette Sportbremsanlage von Tarox inkl. 6 Kolben Bremszangen, Topfscheiben, Sportbremskl\u00f6tze, Adapter, Schrauben und Bremsleitungen f\u00fcr eine sofortige Montage ohne Anpassungsarbeiten! f\u00fcr Vorderachse hochwertige Motorsportqualit\u00e4t mit Durchmesser 325mm f\u00fcr 17&#8243; bestellbar f\u00fcr EVO oder Integrale &nbsp; &nbsp;","og_url":"https:\/\/www.delta-historic.com\/de\/ersatzteile\/sportbremsanlage\/","og_site_name":"Karlhofer \u2013 Delta Historic GmbH","article_publisher":"https:\/\/www.facebook.com\/KarlhoferDeltaHistoric","article_modified_time":"2024-03-19T18:07:01+00:00","og_image":[{"width":2288,"height":1520,"url":"https:\/\/www.delta-historic.com\/wp-content\/uploads\/2024\/03\/DSC02137.jpg","type":"image\/jpeg"}],"twitter_card":"summary_large_image","twitter_misc":{"Gesch\u00e4tzte Lesezeit":"1\u00a0Minute"},"schema":{"@context":"https:\/\/schema.org","@graph":[{"@type":"WebPage","@id":"https:\/\/www.delta-historic.com\/de\/ersatzteile\/sportbremsanlage\/","url":"https:\/\/www.delta-historic.com\/de\/ersatzteile\/sportbremsanlage\/","name":"Sportbremsanlage Tarox 325mm \/17\" - Karlhofer \u2013 Delta Historic GmbH","isPartOf":{"@id":"https:\/\/www.delta-historic.com\/de\/#website"},"primaryImageOfPage":{"@id":"https:\/\/www.delta-historic.com\/de\/ersatzteile\/sportbremsanlage\/#primaryimage"},"image":{"@id":"https:\/\/www.delta-historic.com\/de\/ersatzteile\/sportbremsanlage\/#primaryimage"},"thumbnailUrl":"https:\/\/www.delta-historic.com\/wp-content\/uploads\/2024\/03\/DSC02137.jpg","datePublished":"2024-03-19T17:53:59+00:00","dateModified":"2024-03-19T18:07:01+00:00","breadcrumb":{"@id":"https:\/\/www.delta-historic.com\/de\/ersatzteile\/sportbremsanlage\/#breadcrumb"},"inLanguage":"de","potentialAction":[{"@type":"ReadAction","target":["https:\/\/www.delta-historic.com\/de\/ersatzteile\/sportbremsanlage\/"]}]},{"@type":"ImageObject","inLanguage":"de","@id":"https:\/\/www.delta-historic.com\/de\/ersatzteile\/sportbremsanlage\/#primaryimage","url":"https:\/\/www.delta-historic.com\/wp-content\/uploads\/2024\/03\/DSC02137.jpg","contentUrl":"https:\/\/www.delta-historic.com\/wp-content\/uploads\/2024\/03\/DSC02137.jpg","width":2288,"height":1520,"caption":"Sportbremsanlage"},{"@type":"BreadcrumbList","@id":"https:\/\/www.delta-historic.com\/de\/ersatzteile\/sportbremsanlage\/#breadcrumb","itemListElement":[{"@type":"ListItem","position":1,"name":"Startseite","item":"https:\/\/www.delta-historic.com\/de\/"},{"@type":"ListItem","position":2,"name":"Shop","item":"https:\/\/www.delta-historic.com\/de\/shop\/"},{"@type":"ListItem","position":3,"name":"Sportbremsanlage Tarox 325mm \/17&#8243;"}]},{"@type":"WebSite","@id":"https:\/\/www.delta-historic.com\/de\/#website","url":"https:\/\/www.delta-historic.com\/de\/","name":"Karlhofer \u2013 Delta Historic GmbH","description":"","publisher":{"@id":"https:\/\/www.delta-historic.com\/de\/#organization"},"potentialAction":[{"@type":"SearchAction","target":{"@type":"EntryPoint","urlTemplate":"https:\/\/www.delta-historic.com\/de\/?s={search_term_string}"},"query-input":{"@type":"PropertyValueSpecification","valueRequired":true,"valueName":"search_term_string"}}],"inLanguage":"de"},{"@type":"Organization","@id":"https:\/\/www.delta-historic.com\/de\/#organization","name":"Karlhofer \u2013 Delta Historic GmbH","url":"https:\/\/www.delta-historic.com\/de\/","logo":{"@type":"ImageObject","inLanguage":"de","@id":"https:\/\/www.delta-historic.com\/de\/#\/schema\/logo\/image\/","url":"https:\/\/www.delta-historic.com\/wp-content\/uploads\/2022\/12\/logo.svg","contentUrl":"https:\/\/www.delta-historic.com\/wp-content\/uploads\/2022\/12\/logo.svg","width":369,"height":141,"caption":"Karlhofer \u2013 Delta Historic GmbH"},"image":{"@id":"https:\/\/www.delta-historic.com\/de\/#\/schema\/logo\/image\/"},"sameAs":["https:\/\/www.facebook.com\/KarlhoferDeltaHistoric","https:\/\/www.instagram.com\/delta_historic\/","https:\/\/www.youtube.com\/@karlhofer-deltaintegrale1540"]}]}},"_links":{"self":[{"href":"https:\/\/www.delta-historic.com\/de\/wp-json\/wp\/v2\/product\/3960","targetHints":{"allow":["GET"]}}],"collection":[{"href":"https:\/\/www.delta-historic.com\/de\/wp-json\/wp\/v2\/product"}],"about":[{"href":"https:\/\/www.delta-historic.com\/de\/wp-json\/wp\/v2\/types\/product"}],"wp:featuredmedia":[{"embeddable":true,"href":"https:\/\/www.delta-historic.com\/de\/wp-json\/wp\/v2\/media\/3954"}],"wp:attachment":[{"href":"https:\/\/www.delta-historic.com\/de\/wp-json\/wp\/v2\/media?parent=3960"}],"wp:term":[{"taxonomy":"product_brand","embeddable":true,"href":"https:\/\/www.delta-historic.com\/de\/wp-json\/wp\/v2\/product_brand?post=3960"},{"taxonomy":"product_cat","embeddable":true,"href":"https:\/\/www.delta-historic.com\/de\/wp-json\/wp\/v2\/product_cat?post=3960"},{"taxonomy":"product_tag","embeddable":true,"href":"https:\/\/www.delta-historic.com\/de\/wp-json\/wp\/v2\/product_tag?post=3960"}],"curies":[{"name":"wp","href":"https:\/\/api.w.org\/{rel}","templated":true}]}}