{"id":4271,"date":"2024-11-15T14:27:21","date_gmt":"2024-11-15T13:27:21","guid":{"rendered":"https:\/\/www.delta-historic.com\/?post_type=product&#038;p=4271"},"modified":"2026-04-07T09:43:29","modified_gmt":"2026-04-07T07:43:29","slug":"recaro-speed-stoff-schwarz","status":"publish","type":"product","link":"https:\/\/www.delta-historic.com\/de\/ersatzteile\/recaro-speed-stoff-schwarz\/","title":{"rendered":"Recaro Speed Sitz &#8211; \u00e4hnlich dem original EVO2 &#8211; Stoff schwarz"},"content":{"rendered":"<p>Recaro Speed &#8211; Der Kultsitz f\u00fcr jeden Delta Integrale<\/p>\n<p>Originalgetreu wie bei den EVO2 Modellen<\/p>\n<p>Mit seinem ausgepr\u00e4gten Seitenhalt, der integrierten Kopfst\u00fctze und der kultigen Gurtdurchf\u00fchrung hat er alles, was ein echter Sportsitz braucht. Er bietet dynamisches Fahrgef\u00fchl in Reinkultur und begeistert durch seinen einzigartigen Style!<\/p>\n<p>Original In Stoff schwarz mit Recaro Stoff Design<\/p>\n<p>(s\u00e4mtliche Bez\u00fcge und Materialien aller EVO Versionen auf Anfrage m\u00f6glich)<\/p>\n","protected":false},"excerpt":{"rendered":"<p>Recaro Speed &#8211; Der Kultsitz f\u00fcr jeden Delta Integrale Originalgetreu wie bei den EVO2 Modellen Mit seinem ausgepr\u00e4gten Seitenhalt, der integrierten Kopfst\u00fctze und der kultigen Gurtdurchf\u00fchrung hat er alles, was ein echter Sportsitz braucht. Er bietet dynamisches Fahrgef\u00fchl in Reinkultur und begeistert durch seinen einzigartigen Style! Original In Stoff schwarz mit Recaro Stoff Design (s\u00e4mtliche <a href=\"https:\/\/www.delta-historic.com\/de\/ersatzteile\/recaro-speed-stoff-schwarz\/\" class=\"more-link\">&#8230;<span class=\"screen-reader-text\">weiterlesen  Recaro Speed Sitz &#8211; \u00e4hnlich dem original EVO2 &#8211; Stoff schwarz<\/span><\/a><\/p>\n","protected":false},"featured_media":4263,"template":"","meta":{"_acf_changed":false,"_sitemap_exclude":false,"_sitemap_priority":"","_sitemap_frequency":"","iawp_total_views":4},"product_brand":[],"product_cat":[55,59],"product_tag":[],"class_list":{"0":"post-4271","1":"product","2":"type-product","3":"status-publish","4":"has-post-thumbnail","6":"product_cat-alle","7":"product_cat-interieur","9":"first","10":"instock","11":"taxable","12":"shipping-taxable","13":"purchasable","14":"product-type-simple"},"acf":[],"yoast_head":"<!-- This site is optimized with the Yoast SEO plugin v27.2 - https:\/\/yoast.com\/product\/yoast-seo-wordpress\/ -->\n<title>Recaro Speed Sitz - \u00e4hnlich dem original EVO2 - Stoff schwarz - Karlhofer \u2013 Delta Historic GmbH<\/title>\n<meta name=\"robots\" content=\"noindex, follow\" \/>\n<meta property=\"og:locale\" content=\"de_DE\" \/>\n<meta property=\"og:type\" content=\"article\" \/>\n<meta property=\"og:title\" content=\"Recaro Speed Sitz - \u00e4hnlich dem original EVO2 - Stoff schwarz - Karlhofer \u2013 Delta Historic GmbH\" \/>\n<meta property=\"og:description\" content=\"Recaro Speed &#8211; Der Kultsitz f\u00fcr jeden Delta Integrale Originalgetreu wie bei den EVO2 Modellen Mit seinem ausgepr\u00e4gten Seitenhalt, der integrierten Kopfst\u00fctze und der kultigen Gurtdurchf\u00fchrung hat er alles, was ein echter Sportsitz braucht. Er bietet dynamisches Fahrgef\u00fchl in Reinkultur und begeistert durch seinen einzigartigen Style! Original In Stoff schwarz mit Recaro Stoff Design (s\u00e4mtliche ...weiterlesen Recaro Speed Sitz &#8211; \u00e4hnlich dem original EVO2 &#8211; Stoff schwarz\" \/>\n<meta property=\"og:url\" content=\"https:\/\/www.delta-historic.com\/de\/ersatzteile\/recaro-speed-stoff-schwarz\/\" \/>\n<meta property=\"og:site_name\" content=\"Karlhofer \u2013 Delta Historic GmbH\" \/>\n<meta property=\"article:publisher\" content=\"https:\/\/www.facebook.com\/KarlhoferDeltaHistoric\" \/>\n<meta property=\"article:modified_time\" content=\"2026-04-07T07:43:29+00:00\" \/>\n<meta property=\"og:image\" content=\"https:\/\/www.delta-historic.com\/wp-content\/uploads\/2024\/11\/DSC02350-1024x656.jpg\" \/>\n\t<meta property=\"og:image:width\" content=\"1024\" \/>\n\t<meta property=\"og:image:height\" content=\"656\" \/>\n\t<meta property=\"og:image:type\" content=\"image\/jpeg\" \/>\n<meta name=\"twitter:card\" content=\"summary_large_image\" \/>\n<meta name=\"twitter:label1\" content=\"Gesch\u00e4tzte Lesezeit\" \/>\n\t<meta name=\"twitter:data1\" content=\"1\u00a0Minute\" \/>\n<script type=\"application\/ld+json\" class=\"yoast-schema-graph\">{\"@context\":\"https:\/\/schema.org\",\"@graph\":[{\"@type\":\"WebPage\",\"@id\":\"https:\/\/www.delta-historic.com\/de\/ersatzteile\/recaro-speed-stoff-schwarz\/\",\"url\":\"https:\/\/www.delta-historic.com\/de\/ersatzteile\/recaro-speed-stoff-schwarz\/\",\"name\":\"Recaro Speed Sitz - \u00e4hnlich dem original EVO2 - Stoff schwarz - Karlhofer \u2013 Delta Historic GmbH\",\"isPartOf\":{\"@id\":\"https:\/\/www.delta-historic.com\/de\/#website\"},\"primaryImageOfPage\":{\"@id\":\"https:\/\/www.delta-historic.com\/de\/ersatzteile\/recaro-speed-stoff-schwarz\/#primaryimage\"},\"image\":{\"@id\":\"https:\/\/www.delta-historic.com\/de\/ersatzteile\/recaro-speed-stoff-schwarz\/#primaryimage\"},\"thumbnailUrl\":\"https:\/\/www.delta-historic.com\/wp-content\/uploads\/2024\/11\/DSC02350.jpg\",\"datePublished\":\"2024-11-15T13:27:21+00:00\",\"dateModified\":\"2026-04-07T07:43:29+00:00\",\"breadcrumb\":{\"@id\":\"https:\/\/www.delta-historic.com\/de\/ersatzteile\/recaro-speed-stoff-schwarz\/#breadcrumb\"},\"inLanguage\":\"de\",\"potentialAction\":[{\"@type\":\"ReadAction\",\"target\":[\"https:\/\/www.delta-historic.com\/de\/ersatzteile\/recaro-speed-stoff-schwarz\/\"]}]},{\"@type\":\"ImageObject\",\"inLanguage\":\"de\",\"@id\":\"https:\/\/www.delta-historic.com\/de\/ersatzteile\/recaro-speed-stoff-schwarz\/#primaryimage\",\"url\":\"https:\/\/www.delta-historic.com\/wp-content\/uploads\/2024\/11\/DSC02350.jpg\",\"contentUrl\":\"https:\/\/www.delta-historic.com\/wp-content\/uploads\/2024\/11\/DSC02350.jpg\",\"width\":2249,\"height\":1441,\"caption\":\"SONY DSC\"},{\"@type\":\"BreadcrumbList\",\"@id\":\"https:\/\/www.delta-historic.com\/de\/ersatzteile\/recaro-speed-stoff-schwarz\/#breadcrumb\",\"itemListElement\":[{\"@type\":\"ListItem\",\"position\":1,\"name\":\"Startseite\",\"item\":\"https:\/\/www.delta-historic.com\/de\/\"},{\"@type\":\"ListItem\",\"position\":2,\"name\":\"Shop\",\"item\":\"https:\/\/www.delta-historic.com\/de\/shop\/\"},{\"@type\":\"ListItem\",\"position\":3,\"name\":\"Recaro Speed Sitz &#8211; \u00e4hnlich dem original EVO2 &#8211; Stoff schwarz\"}]},{\"@type\":\"WebSite\",\"@id\":\"https:\/\/www.delta-historic.com\/de\/#website\",\"url\":\"https:\/\/www.delta-historic.com\/de\/\",\"name\":\"Karlhofer \u2013 Delta Historic GmbH\",\"description\":\"\",\"publisher\":{\"@id\":\"https:\/\/www.delta-historic.com\/de\/#organization\"},\"potentialAction\":[{\"@type\":\"SearchAction\",\"target\":{\"@type\":\"EntryPoint\",\"urlTemplate\":\"https:\/\/www.delta-historic.com\/de\/?s={search_term_string}\"},\"query-input\":{\"@type\":\"PropertyValueSpecification\",\"valueRequired\":true,\"valueName\":\"search_term_string\"}}],\"inLanguage\":\"de\"},{\"@type\":\"Organization\",\"@id\":\"https:\/\/www.delta-historic.com\/de\/#organization\",\"name\":\"Karlhofer \u2013 Delta Historic GmbH\",\"url\":\"https:\/\/www.delta-historic.com\/de\/\",\"logo\":{\"@type\":\"ImageObject\",\"inLanguage\":\"de\",\"@id\":\"https:\/\/www.delta-historic.com\/de\/#\/schema\/logo\/image\/\",\"url\":\"https:\/\/www.delta-historic.com\/wp-content\/uploads\/2022\/12\/logo.svg\",\"contentUrl\":\"https:\/\/www.delta-historic.com\/wp-content\/uploads\/2022\/12\/logo.svg\",\"width\":369,\"height\":141,\"caption\":\"Karlhofer \u2013 Delta Historic GmbH\"},\"image\":{\"@id\":\"https:\/\/www.delta-historic.com\/de\/#\/schema\/logo\/image\/\"},\"sameAs\":[\"https:\/\/www.facebook.com\/KarlhoferDeltaHistoric\",\"https:\/\/www.instagram.com\/delta_historic\/\",\"https:\/\/www.youtube.com\/@karlhofer-deltaintegrale1540\"]}]}<\/script>\n<!-- \/ Yoast SEO plugin. -->","yoast_head_json":{"title":"Recaro Speed Sitz - \u00e4hnlich dem original EVO2 - Stoff schwarz - Karlhofer \u2013 Delta Historic GmbH","robots":{"index":"noindex","follow":"follow"},"og_locale":"de_DE","og_type":"article","og_title":"Recaro Speed Sitz - \u00e4hnlich dem original EVO2 - Stoff schwarz - Karlhofer \u2013 Delta Historic GmbH","og_description":"Recaro Speed &#8211; Der Kultsitz f\u00fcr jeden Delta Integrale Originalgetreu wie bei den EVO2 Modellen Mit seinem ausgepr\u00e4gten Seitenhalt, der integrierten Kopfst\u00fctze und der kultigen Gurtdurchf\u00fchrung hat er alles, was ein echter Sportsitz braucht. Er bietet dynamisches Fahrgef\u00fchl in Reinkultur und begeistert durch seinen einzigartigen Style! Original In Stoff schwarz mit Recaro Stoff Design (s\u00e4mtliche ...weiterlesen Recaro Speed Sitz &#8211; \u00e4hnlich dem original EVO2 &#8211; Stoff schwarz","og_url":"https:\/\/www.delta-historic.com\/de\/ersatzteile\/recaro-speed-stoff-schwarz\/","og_site_name":"Karlhofer \u2013 Delta Historic GmbH","article_publisher":"https:\/\/www.facebook.com\/KarlhoferDeltaHistoric","article_modified_time":"2026-04-07T07:43:29+00:00","og_image":[{"width":1024,"height":656,"url":"https:\/\/www.delta-historic.com\/wp-content\/uploads\/2024\/11\/DSC02350-1024x656.jpg","type":"image\/jpeg"}],"twitter_card":"summary_large_image","twitter_misc":{"Gesch\u00e4tzte Lesezeit":"1\u00a0Minute"},"schema":{"@context":"https:\/\/schema.org","@graph":[{"@type":"WebPage","@id":"https:\/\/www.delta-historic.com\/de\/ersatzteile\/recaro-speed-stoff-schwarz\/","url":"https:\/\/www.delta-historic.com\/de\/ersatzteile\/recaro-speed-stoff-schwarz\/","name":"Recaro Speed Sitz - \u00e4hnlich dem original EVO2 - Stoff schwarz - Karlhofer \u2013 Delta Historic GmbH","isPartOf":{"@id":"https:\/\/www.delta-historic.com\/de\/#website"},"primaryImageOfPage":{"@id":"https:\/\/www.delta-historic.com\/de\/ersatzteile\/recaro-speed-stoff-schwarz\/#primaryimage"},"image":{"@id":"https:\/\/www.delta-historic.com\/de\/ersatzteile\/recaro-speed-stoff-schwarz\/#primaryimage"},"thumbnailUrl":"https:\/\/www.delta-historic.com\/wp-content\/uploads\/2024\/11\/DSC02350.jpg","datePublished":"2024-11-15T13:27:21+00:00","dateModified":"2026-04-07T07:43:29+00:00","breadcrumb":{"@id":"https:\/\/www.delta-historic.com\/de\/ersatzteile\/recaro-speed-stoff-schwarz\/#breadcrumb"},"inLanguage":"de","potentialAction":[{"@type":"ReadAction","target":["https:\/\/www.delta-historic.com\/de\/ersatzteile\/recaro-speed-stoff-schwarz\/"]}]},{"@type":"ImageObject","inLanguage":"de","@id":"https:\/\/www.delta-historic.com\/de\/ersatzteile\/recaro-speed-stoff-schwarz\/#primaryimage","url":"https:\/\/www.delta-historic.com\/wp-content\/uploads\/2024\/11\/DSC02350.jpg","contentUrl":"https:\/\/www.delta-historic.com\/wp-content\/uploads\/2024\/11\/DSC02350.jpg","width":2249,"height":1441,"caption":"SONY DSC"},{"@type":"BreadcrumbList","@id":"https:\/\/www.delta-historic.com\/de\/ersatzteile\/recaro-speed-stoff-schwarz\/#breadcrumb","itemListElement":[{"@type":"ListItem","position":1,"name":"Startseite","item":"https:\/\/www.delta-historic.com\/de\/"},{"@type":"ListItem","position":2,"name":"Shop","item":"https:\/\/www.delta-historic.com\/de\/shop\/"},{"@type":"ListItem","position":3,"name":"Recaro Speed Sitz &#8211; \u00e4hnlich dem original EVO2 &#8211; Stoff schwarz"}]},{"@type":"WebSite","@id":"https:\/\/www.delta-historic.com\/de\/#website","url":"https:\/\/www.delta-historic.com\/de\/","name":"Karlhofer \u2013 Delta Historic GmbH","description":"","publisher":{"@id":"https:\/\/www.delta-historic.com\/de\/#organization"},"potentialAction":[{"@type":"SearchAction","target":{"@type":"EntryPoint","urlTemplate":"https:\/\/www.delta-historic.com\/de\/?s={search_term_string}"},"query-input":{"@type":"PropertyValueSpecification","valueRequired":true,"valueName":"search_term_string"}}],"inLanguage":"de"},{"@type":"Organization","@id":"https:\/\/www.delta-historic.com\/de\/#organization","name":"Karlhofer \u2013 Delta Historic GmbH","url":"https:\/\/www.delta-historic.com\/de\/","logo":{"@type":"ImageObject","inLanguage":"de","@id":"https:\/\/www.delta-historic.com\/de\/#\/schema\/logo\/image\/","url":"https:\/\/www.delta-historic.com\/wp-content\/uploads\/2022\/12\/logo.svg","contentUrl":"https:\/\/www.delta-historic.com\/wp-content\/uploads\/2022\/12\/logo.svg","width":369,"height":141,"caption":"Karlhofer \u2013 Delta Historic GmbH"},"image":{"@id":"https:\/\/www.delta-historic.com\/de\/#\/schema\/logo\/image\/"},"sameAs":["https:\/\/www.facebook.com\/KarlhoferDeltaHistoric","https:\/\/www.instagram.com\/delta_historic\/","https:\/\/www.youtube.com\/@karlhofer-deltaintegrale1540"]}]}},"_links":{"self":[{"href":"https:\/\/www.delta-historic.com\/de\/wp-json\/wp\/v2\/product\/4271","targetHints":{"allow":["GET"]}}],"collection":[{"href":"https:\/\/www.delta-historic.com\/de\/wp-json\/wp\/v2\/product"}],"about":[{"href":"https:\/\/www.delta-historic.com\/de\/wp-json\/wp\/v2\/types\/product"}],"wp:featuredmedia":[{"embeddable":true,"href":"https:\/\/www.delta-historic.com\/de\/wp-json\/wp\/v2\/media\/4263"}],"wp:attachment":[{"href":"https:\/\/www.delta-historic.com\/de\/wp-json\/wp\/v2\/media?parent=4271"}],"wp:term":[{"taxonomy":"product_brand","embeddable":true,"href":"https:\/\/www.delta-historic.com\/de\/wp-json\/wp\/v2\/product_brand?post=4271"},{"taxonomy":"product_cat","embeddable":true,"href":"https:\/\/www.delta-historic.com\/de\/wp-json\/wp\/v2\/product_cat?post=4271"},{"taxonomy":"product_tag","embeddable":true,"href":"https:\/\/www.delta-historic.com\/de\/wp-json\/wp\/v2\/product_tag?post=4271"}],"curies":[{"name":"wp","href":"https:\/\/api.w.org\/{rel}","templated":true}]}}